{"id":1930,"date":"2021-02-03T22:06:31","date_gmt":"2021-02-03T21:06:31","guid":{"rendered":"https:\/\/www.photagne.com\/?page_id=1930"},"modified":"2022-11-21T10:22:21","modified_gmt":"2022-11-21T09:22:21","slug":"photographies-des-pyrenees","status":"publish","type":"page","link":"https:\/\/www.photagne.com\/en\/pictures-of-the-pyrenees\/","title":{"rendered":"Pictures of the Pyrenees"},"content":{"rendered":"<p>The images available on this site are of deliberately reduced quality to guarantee their authenticity. If you wish, you can order a paper print in maximum quality. To do this, click on a photo and select the \u201cadd to cart\u201d option at the top right.<\/p><div style=\"height:100px\" aria-hidden=\"true\" class=\"wp-block-spacer\"><\/div> \n    <div id=\"my-ajax-filter-search\">\n        <form action=\"\" method=\"get\" class=\"myForm\" name=\"myForm\" id=\"myForm\" data-trp-original-action=\"\">\n            <input type=\"hidden\" id=\"categorie\" name=\"categorie\" value=\"Pyr\u00e9n\u00e9es\">\n            <input type=\"text\" name=\"search\" id=\"mySearch\" value=\"\" placeholder=\"Search\">\n            <div class=\"selectdiv\">\n                    <label for=\"saison\"><\/label>\n                    <select name=\"saison\" id=\"saison\">\n                        <option value=\"\" selected>All seasons<\/option>\n                                                                                    <option value=\"Printemps\">Spring<\/option>\n                                                            <option value=\"\u00c9t\u00e9\">Summer<\/option>\n                                                            <option value=\"Automne\">Autumn<\/option>\n                                                            <option value=\"Hiver\">Winter<\/option>\n                                                                        <\/select>\n            <\/div>\n                \n            <button type=\"submit\" id=\"mySubmit\" name=\"mySubmit\" class=\"btn btn-primary\"><i class=\"obfx-menu-icon fa fa-search\" style=\"margin-right: 0.5em;\"><\/i>Filter<\/button>\n        <input type=\"hidden\" name=\"trp-form-language\" value=\"en\"\/><\/form>\n        <div id=\"ajax_filter_search_results\"><div class=\"wp-block-image myimageblock\" style=\"\">\n                                <figure style=\"max-width:90%;\" class=\"alignleft size-full\">\n                                    <a href=\"https:\/\/www.photagne.com\/wp-content\/uploads\/2021\/02\/IMG_6601.jpg\" data-lbwps-width=\"1732\" data-lbwps-height=\"1155\" data-lbwps-caption=\"Les pics de Toutoulia et d&amp;#8217;Iparla le soir\" data-lbwps-product=\"les-pics-de-toutoulia-et-diparla-le-soir\" data-lbwps-itineraire=\"https:\/\/www.photagne.com\/en\/on-the-gr10-in-the-basque-country-le-pic-diparla\/\"><img decoding=\"async\" width=\"1732\" height=\"1155\" src=\"https:\/\/www.photagne.com\/wp-content\/uploads\/2021\/02\/IMG_6601.jpg\" class=\"attachment-full size-full photagne-img\" alt=\"The peak of Toutoulia and the peak of Iparla in the evening\" srcset=\"https:\/\/www.photagne.com\/wp-content\/uploads\/2021\/02\/IMG_6601.jpg 1732w, https:\/\/www.photagne.com\/wp-content\/uploads\/2021\/02\/IMG_6601-300x200.jpg 300w, https:\/\/www.photagne.com\/wp-content\/uploads\/2021\/02\/IMG_6601-1024x683.jpg 1024w, https:\/\/www.photagne.com\/wp-content\/uploads\/2021\/02\/IMG_6601-768x512.jpg 768w, https:\/\/www.photagne.com\/wp-content\/uploads\/2021\/02\/IMG_6601-1536x1024.jpg 1536w, https:\/\/www.photagne.com\/wp-content\/uploads\/2021\/02\/IMG_6601-18x12.jpg 18w, https:\/\/www.photagne.com\/wp-content\/uploads\/2021\/02\/IMG_6601-360x240.jpg 360w, https:\/\/www.photagne.com\/wp-content\/uploads\/2021\/02\/IMG_6601-230x153.jpg 230w, https:\/\/www.photagne.com\/wp-content\/uploads\/2021\/02\/IMG_6601-600x400.jpg 600w\" sizes=\"auto, (max-width: 1732px) 100vw, 1732px\"  loading=\"lazy\" \/><\/a>\n                                    <figcaption style=\"text-align: center; width: 100%; float: none;\">The peaks of Toutoulia and Iparla in the evening<\/figcaption>\n                                <\/figure>\n                                <button class=\"btn btn-primary\" style=\"margin-top: 0;\" type=\"button\" onclick=\"window.location.href='https:\/\/www.photagne.com\/en\/product\/poster-canvas-or-painting-the-pics-of-toutoulia-et-diparla-le-soir-deco-mural\/';\">\n                                    <i class=\"obfx-menu-icon fa fa-cart-plus\" style=\"margin-right: 0.5em;\"><\/i>\n                                    Order\n                                <\/button>\n                            <\/div><div class=\"wp-block-image myimageblock\" style=\"flex-direction: row-reverse;\">\n                                <figure style=\"max-width:90%;\" class=\"alignright size-full\">\n                                    <a href=\"https:\/\/www.photagne.com\/wp-content\/uploads\/2021\/02\/IMG_7511.jpg\" data-lbwps-width=\"1155\" data-lbwps-height=\"1732\" data-lbwps-caption=\"En suivant le sentier de Chebretou\" data-lbwps-product=\"en-suivant-le-sentier-de-chebretou\" data-lbwps-itineraire=\"https:\/\/www.photagne.com\/en\/le-pic-de-chebretou-from-bedous\/\"><img decoding=\"async\" width=\"1155\" height=\"1732\" src=\"https:\/\/www.photagne.com\/wp-content\/uploads\/2021\/02\/IMG_7511.jpg\" class=\"attachment-full size-full photagne-img\" alt=\"Following the trail to the peak of Chebretou\" srcset=\"https:\/\/www.photagne.com\/wp-content\/uploads\/2021\/02\/IMG_7511.jpg 1155w, https:\/\/www.photagne.com\/wp-content\/uploads\/2021\/02\/IMG_7511-200x300.jpg 200w, https:\/\/www.photagne.com\/wp-content\/uploads\/2021\/02\/IMG_7511-683x1024.jpg 683w, https:\/\/www.photagne.com\/wp-content\/uploads\/2021\/02\/IMG_7511-768x1152.jpg 768w, https:\/\/www.photagne.com\/wp-content\/uploads\/2021\/02\/IMG_7511-1024x1536.jpg 1024w, https:\/\/www.photagne.com\/wp-content\/uploads\/2021\/02\/IMG_7511-8x12.jpg 8w, https:\/\/www.photagne.com\/wp-content\/uploads\/2021\/02\/IMG_7511-230x345.jpg 230w, https:\/\/www.photagne.com\/wp-content\/uploads\/2021\/02\/IMG_7511-600x900.jpg 600w\" sizes=\"auto, (max-width: 1155px) 100vw, 1155px\"  loading=\"lazy\" \/><\/a>\n                                    <figcaption style=\"text-align: center; width: 100%; float: none;\">Following the Chebretou trail<\/figcaption>\n                                <\/figure>\n                                <button class=\"btn btn-primary\" style=\"margin-top: 0;\" type=\"button\" onclick=\"window.location.href='https:\/\/www.photagne.com\/en\/product\/poster-canvas-or-painting-following-the-path-of-chebretou-mural-deco\/';\">\n                                    <i class=\"obfx-menu-icon fa fa-cart-plus\" style=\"margin-right: 0.5em;\"><\/i>\n                                    Order\n                                <\/button>\n                            <\/div><div class=\"wp-block-image myimageblock\" style=\"\">\n                                <figure style=\"max-width:90%;\" class=\"alignleft size-full\">\n                                    <a href=\"https:\/\/www.photagne.com\/wp-content\/uploads\/2021\/02\/IMG_7490.jpg\" data-lbwps-width=\"1732\" data-lbwps-height=\"1155\" data-lbwps-caption=\"Le temps devient tr\u00e8s brumeux&amp;#8230;\" data-lbwps-product=\"le-temps-devient-tres-brumeux\" data-lbwps-itineraire=\"https:\/\/www.photagne.com\/en\/le-pic-de-chebretou-from-bedous\/\"><img decoding=\"async\" width=\"1732\" height=\"1155\" src=\"https:\/\/www.photagne.com\/wp-content\/uploads\/2021\/02\/IMG_7490.jpg\" class=\"attachment-full size-full photagne-img\" alt=\"The weather is getting very foggy...\" srcset=\"https:\/\/www.photagne.com\/wp-content\/uploads\/2021\/02\/IMG_7490.jpg 1732w, https:\/\/www.photagne.com\/wp-content\/uploads\/2021\/02\/IMG_7490-300x200.jpg 300w, https:\/\/www.photagne.com\/wp-content\/uploads\/2021\/02\/IMG_7490-1024x683.jpg 1024w, https:\/\/www.photagne.com\/wp-content\/uploads\/2021\/02\/IMG_7490-768x512.jpg 768w, https:\/\/www.photagne.com\/wp-content\/uploads\/2021\/02\/IMG_7490-1536x1024.jpg 1536w, https:\/\/www.photagne.com\/wp-content\/uploads\/2021\/02\/IMG_7490-18x12.jpg 18w, https:\/\/www.photagne.com\/wp-content\/uploads\/2021\/02\/IMG_7490-360x240.jpg 360w, https:\/\/www.photagne.com\/wp-content\/uploads\/2021\/02\/IMG_7490-230x153.jpg 230w, https:\/\/www.photagne.com\/wp-content\/uploads\/2021\/02\/IMG_7490-600x400.jpg 600w\" sizes=\"auto, (max-width: 1732px) 100vw, 1732px\"  loading=\"lazy\" \/><\/a>\n                                    <figcaption style=\"text-align: center; width: 100%; float: none;\">The weather is getting very foggy...<\/figcaption>\n                                <\/figure>\n                                <button class=\"btn btn-primary\" style=\"margin-top: 0;\" type=\"button\" onclick=\"window.location.href='https:\/\/www.photagne.com\/en\/product\/poster-canvas-or-painting-the-weather-becomes-very-foggy-deco-mural\/';\">\n                                    <i class=\"obfx-menu-icon fa fa-cart-plus\" style=\"margin-right: 0.5em;\"><\/i>\n                                    Order\n                                <\/button>\n                            <\/div><\/div>\n    <\/div>","protected":false},"excerpt":{"rendered":"<p>The images available on this site are of deliberately reduced quality to guarantee their authenticity. If you wish, you can order a paper print in maximum quality. To do this, click on a photo and select the \u201cadd to cart\u201d option at the top right.<\/p>","protected":false},"author":1,"featured_media":1889,"parent":0,"menu_order":0,"comment_status":"closed","ping_status":"closed","template":"","meta":{"_mi_skip_tracking":false,"_monsterinsights_sitenote_active":false,"_monsterinsights_sitenote_note":"","_monsterinsights_sitenote_category":0,"jetpack_post_was_ever_published":false,"footnotes":""},"class_list":["post-1930","page","type-page","status-publish","has-post-thumbnail","hentry"],"acf":[],"yoast_head":"<!-- This site is optimized with the Yoast SEO plugin v20.12 - https:\/\/yoast.com\/wordpress\/plugins\/seo\/ -->\n<title>Photographies des Pyr\u00e9n\u00e9es &bull; Photagne<\/title>\n<meta name=\"description\" content=\"Toutes les photographies des Pyr\u00e9n\u00e9es du site Photagne : pays Basque, Ari\u00e8ge, Vignemale... Trouvez la perle des photos de montagne !\" \/>\n<meta name=\"robots\" content=\"index, follow, max-snippet:-1, max-image-preview:large, max-video-preview:-1\" \/>\n<link rel=\"canonical\" href=\"https:\/\/www.photagne.com\/en\/pictures-of-the-pyrenees\/\" \/>\n<meta property=\"og:locale\" content=\"en_GB\" \/>\n<meta property=\"og:type\" content=\"article\" \/>\n<meta property=\"og:title\" content=\"Photographies des Pyr\u00e9n\u00e9es &bull; Photagne\" \/>\n<meta property=\"og:description\" content=\"Toutes les photographies des Pyr\u00e9n\u00e9es du site Photagne : pays Basque, Ari\u00e8ge, Vignemale... Trouvez la perle des photos de montagne !\" \/>\n<meta property=\"og:url\" content=\"https:\/\/www.photagne.com\/en\/pictures-of-the-pyrenees\/\" \/>\n<meta property=\"og:site_name\" content=\"Photagne\" \/>\n<meta property=\"article:modified_time\" content=\"2022-11-21T09:22:21+00:00\" \/>\n<meta property=\"og:image\" content=\"https:\/\/i0.wp.com\/www.photagne.com\/wp-content\/uploads\/2021\/02\/IMG_6601.jpg?fit=1732%2C1155&ssl=1\" \/>\n\t<meta property=\"og:image:width\" content=\"1732\" \/>\n\t<meta property=\"og:image:height\" content=\"1155\" \/>\n\t<meta property=\"og:image:type\" content=\"image\/jpeg\" \/>\n<meta name=\"twitter:card\" content=\"summary_large_image\" \/>\n<meta name=\"twitter:label1\" content=\"Estimated reading time\" \/>\n\t<meta name=\"twitter:data1\" content=\"1 minute\" \/>\n<script type=\"application\/ld+json\" class=\"yoast-schema-graph\">{\"@context\":\"https:\/\/schema.org\",\"@graph\":[{\"@type\":\"WebPage\",\"@id\":\"https:\/\/www.photagne.com\/photographies-des-pyrenees\/\",\"url\":\"https:\/\/www.photagne.com\/photographies-des-pyrenees\/\",\"name\":\"Photographies des Pyr\u00e9n\u00e9es &bull; Photagne\",\"isPartOf\":{\"@id\":\"https:\/\/www.photagne.com\/#website\"},\"datePublished\":\"2021-02-03T21:06:31+00:00\",\"dateModified\":\"2022-11-21T09:22:21+00:00\",\"description\":\"Toutes les photographies des Pyr\u00e9n\u00e9es du site Photagne : pays Basque, Ari\u00e8ge, Vignemale... Trouvez la perle des photos de montagne !\",\"breadcrumb\":{\"@id\":\"https:\/\/www.photagne.com\/photographies-des-pyrenees\/#breadcrumb\"},\"inLanguage\":\"en-GB\",\"potentialAction\":[{\"@type\":\"ReadAction\",\"target\":[\"https:\/\/www.photagne.com\/photographies-des-pyrenees\/\"]}]},{\"@type\":\"BreadcrumbList\",\"@id\":\"https:\/\/www.photagne.com\/photographies-des-pyrenees\/#breadcrumb\",\"itemListElement\":[{\"@type\":\"ListItem\",\"position\":1,\"name\":\"Accueil\",\"item\":\"https:\/\/www.photagne.com\/\"},{\"@type\":\"ListItem\",\"position\":2,\"name\":\"Photographies des Pyr\u00e9n\u00e9es\"}]},{\"@type\":\"WebSite\",\"@id\":\"https:\/\/www.photagne.com\/#website\",\"url\":\"https:\/\/www.photagne.com\/\",\"name\":\"Photagne\",\"description\":\"Montagne, mer et paysages... Aussi vrais que nature.\",\"publisher\":{\"@id\":\"https:\/\/www.photagne.com\/#\/schema\/person\/3e571ba91ff94f56525115c261aa9530\"},\"potentialAction\":[{\"@type\":\"SearchAction\",\"target\":{\"@type\":\"EntryPoint\",\"urlTemplate\":\"https:\/\/www.photagne.com\/?s={search_term_string}\"},\"query-input\":\"required name=search_term_string\"}],\"inLanguage\":\"en-GB\"},{\"@type\":[\"Person\",\"Organization\"],\"@id\":\"https:\/\/www.photagne.com\/#\/schema\/person\/3e571ba91ff94f56525115c261aa9530\",\"name\":\"Photagne\",\"image\":{\"@type\":\"ImageObject\",\"inLanguage\":\"en-GB\",\"@id\":\"https:\/\/www.photagne.com\/#\/schema\/person\/image\/\",\"url\":\"https:\/\/www.photagne.com\/wp-content\/uploads\/2021\/01\/P6180874-1-scaled.jpeg\",\"contentUrl\":\"https:\/\/www.photagne.com\/wp-content\/uploads\/2021\/01\/P6180874-1-scaled.jpeg\",\"width\":1920,\"height\":2560,\"caption\":\"Photagne\"},\"logo\":{\"@id\":\"https:\/\/www.photagne.com\/#\/schema\/person\/image\/\"},\"description\":\"J'ai commenc\u00e9 la photographie en 2015 lors d'un voyage \u00e0 Hawaii. Depuis lors, je me consacre \u00e0 la photographie de paysages lors de mes nombreux treks en montagne.\",\"sameAs\":[\"https:\/\/photagne.com\"]}]}<\/script>\n<!-- \/ Yoast SEO plugin. -->","yoast_head_json":{"title":"Photographies des Pyr\u00e9n\u00e9es &bull; Photagne","description":"Toutes les photographies des Pyr\u00e9n\u00e9es du site Photagne : pays Basque, Ari\u00e8ge, Vignemale... Trouvez la perle des photos de montagne !","robots":{"index":"index","follow":"follow","max-snippet":"max-snippet:-1","max-image-preview":"max-image-preview:large","max-video-preview":"max-video-preview:-1"},"canonical":"https:\/\/www.photagne.com\/en\/pictures-of-the-pyrenees\/","og_locale":"en_GB","og_type":"article","og_title":"Photographies des Pyr\u00e9n\u00e9es &bull; Photagne","og_description":"Toutes les photographies des Pyr\u00e9n\u00e9es du site Photagne : pays Basque, Ari\u00e8ge, Vignemale... Trouvez la perle des photos de montagne !","og_url":"https:\/\/www.photagne.com\/en\/pictures-of-the-pyrenees\/","og_site_name":"Photagne","article_modified_time":"2022-11-21T09:22:21+00:00","og_image":[{"width":1732,"height":1155,"url":"https:\/\/i0.wp.com\/www.photagne.com\/wp-content\/uploads\/2021\/02\/IMG_6601.jpg?fit=1732%2C1155&ssl=1","type":"image\/jpeg"}],"twitter_card":"summary_large_image","twitter_misc":{"Estimated reading time":"1 minute"},"schema":{"@context":"https:\/\/schema.org","@graph":[{"@type":"WebPage","@id":"https:\/\/www.photagne.com\/photographies-des-pyrenees\/","url":"https:\/\/www.photagne.com\/photographies-des-pyrenees\/","name":"Photographies des Pyr\u00e9n\u00e9es &bull; Photagne","isPartOf":{"@id":"https:\/\/www.photagne.com\/#website"},"datePublished":"2021-02-03T21:06:31+00:00","dateModified":"2022-11-21T09:22:21+00:00","description":"Toutes les photographies des Pyr\u00e9n\u00e9es du site Photagne : pays Basque, Ari\u00e8ge, Vignemale... Trouvez la perle des photos de montagne !","breadcrumb":{"@id":"https:\/\/www.photagne.com\/photographies-des-pyrenees\/#breadcrumb"},"inLanguage":"en-GB","potentialAction":[{"@type":"ReadAction","target":["https:\/\/www.photagne.com\/photographies-des-pyrenees\/"]}]},{"@type":"BreadcrumbList","@id":"https:\/\/www.photagne.com\/photographies-des-pyrenees\/#breadcrumb","itemListElement":[{"@type":"ListItem","position":1,"name":"Accueil","item":"https:\/\/www.photagne.com\/"},{"@type":"ListItem","position":2,"name":"Photographies des Pyr\u00e9n\u00e9es"}]},{"@type":"WebSite","@id":"https:\/\/www.photagne.com\/#website","url":"https:\/\/www.photagne.com\/","name":"Photagne","description":"Montagne, mer et paysages... Aussi vrais que nature.","publisher":{"@id":"https:\/\/www.photagne.com\/#\/schema\/person\/3e571ba91ff94f56525115c261aa9530"},"potentialAction":[{"@type":"SearchAction","target":{"@type":"EntryPoint","urlTemplate":"https:\/\/www.photagne.com\/?s={search_term_string}"},"query-input":"required name=search_term_string"}],"inLanguage":"en-GB"},{"@type":["Person","Organization"],"@id":"https:\/\/www.photagne.com\/#\/schema\/person\/3e571ba91ff94f56525115c261aa9530","name":"Photagne","image":{"@type":"ImageObject","inLanguage":"en-GB","@id":"https:\/\/www.photagne.com\/#\/schema\/person\/image\/","url":"https:\/\/www.photagne.com\/wp-content\/uploads\/2021\/01\/P6180874-1-scaled.jpeg","contentUrl":"https:\/\/www.photagne.com\/wp-content\/uploads\/2021\/01\/P6180874-1-scaled.jpeg","width":1920,"height":2560,"caption":"Photagne"},"logo":{"@id":"https:\/\/www.photagne.com\/#\/schema\/person\/image\/"},"description":"J'ai commenc\u00e9 la photographie en 2015 lors d'un voyage \u00e0 Hawaii. Depuis lors, je me consacre \u00e0 la photographie de paysages lors de mes nombreux treks en montagne.","sameAs":["https:\/\/photagne.com"]}]}},"jetpack_shortlink":"https:\/\/wp.me\/PcIq5x-v8","jetpack_sharing_enabled":true,"jetpack_likes_enabled":true,"_links":{"self":[{"href":"https:\/\/www.photagne.com\/en\/wp-json\/wp\/v2\/pages\/1930","targetHints":{"allow":["GET"]}}],"collection":[{"href":"https:\/\/www.photagne.com\/en\/wp-json\/wp\/v2\/pages"}],"about":[{"href":"https:\/\/www.photagne.com\/en\/wp-json\/wp\/v2\/types\/page"}],"author":[{"embeddable":true,"href":"https:\/\/www.photagne.com\/en\/wp-json\/wp\/v2\/users\/1"}],"replies":[{"embeddable":true,"href":"https:\/\/www.photagne.com\/en\/wp-json\/wp\/v2\/comments?post=1930"}],"version-history":[{"count":0,"href":"https:\/\/www.photagne.com\/en\/wp-json\/wp\/v2\/pages\/1930\/revisions"}],"wp:featuredmedia":[{"embeddable":true,"href":"https:\/\/www.photagne.com\/en\/wp-json\/wp\/v2\/media\/1889"}],"wp:attachment":[{"href":"https:\/\/www.photagne.com\/en\/wp-json\/wp\/v2\/media?parent=1930"}],"curies":[{"name":"wp","href":"https:\/\/api.w.org\/{rel}","templated":true}]}}