{"id":99779,"date":"2025-01-26T20:44:05","date_gmt":"2025-01-26T19:44:05","guid":{"rendered":"https:\/\/www.photagne.com\/?page_id=99779"},"modified":"2025-05-12T18:38:34","modified_gmt":"2025-05-12T16:38:34","slug":"photo-du-mont-viso","status":"publish","type":"page","link":"https:\/\/www.photagne.com\/en\/poster-of-mont-viso\/","title":{"rendered":"Photos of Mount Viso"},"content":{"rendered":"<p>On this page, I offer you a selection of <strong>photographs and posters of Mont Viso<\/strong>, this iconic peak of the Italian Alps. From the plain of Turin, it stands like an isolated spire, dominating all the surrounding terrain. It is a mountain that can be seen from afar\u2014massive, solitary, fascinating.<\/p><p>At its feet is the birthplace of the Po River, which crosses Italy before flowing into the Adriatic Sea, 650 kilometers further on. Climbing the Viso is a long and demanding ascent, without glaciers but with many rocky passages, sometimes equipped with via ferrata or easy climbing (level II+). The reward, if the clouds don&#039;t interfere, is a <strong>spectacular view<\/strong> over the Alps as far as the eye can see.<\/p><p>I climbed this summit, lived it, photographed it. These <strong>posters of Mont Viso<\/strong> were born from this experience. Images captured at dawn, on the descent, or between two banks of mist \u2014 to tell, without artifice, the singular force of this mountain.<\/p><div class=\"wp-block-media-text alignwide is-stacked-on-mobile\" style=\"grid-template-columns:70% auto\"><figure class=\"wp-block-media-text__media\"><a href=\"https:\/\/www.photagne.com\/wp-content\/uploads\/2022\/03\/IMG_5402.jpg\"><img decoding=\"async\" width=\"1024\" height=\"683\" src=\"https:\/\/www.photagne.com\/wp-content\/uploads\/2022\/03\/IMG_5402-1024x683.jpg\" alt=\"Photo of Mont Viso from Rochemelon\" class=\"wp-image-5846 size-full\" srcset=\"https:\/\/www.photagne.com\/wp-content\/uploads\/2022\/03\/IMG_5402-1024x683.jpg 1024w, https:\/\/www.photagne.com\/wp-content\/uploads\/2022\/03\/IMG_5402-300x200.jpg 300w, https:\/\/www.photagne.com\/wp-content\/uploads\/2022\/03\/IMG_5402-768x512.jpg 768w, https:\/\/www.photagne.com\/wp-content\/uploads\/2022\/03\/IMG_5402-1536x1024.jpg 1536w, https:\/\/www.photagne.com\/wp-content\/uploads\/2022\/03\/IMG_5402-18x12.jpg 18w, https:\/\/www.photagne.com\/wp-content\/uploads\/2022\/03\/IMG_5402-360x240.jpg 360w, https:\/\/www.photagne.com\/wp-content\/uploads\/2022\/03\/IMG_5402-230x153.jpg 230w, https:\/\/www.photagne.com\/wp-content\/uploads\/2022\/03\/IMG_5402-600x400.jpg 600w, https:\/\/www.photagne.com\/wp-content\/uploads\/2022\/03\/IMG_5402.jpg 1732w\" sizes=\"(max-width: 1024px) 100vw, 1024px\" \/><\/a><\/figure><div class=\"wp-block-media-text__content\"><p><\/p>\n\n<div style=\"text-align: center;\"><button class=\"btn btn-primary\" type=\"button\" onclick=\"window.location.href='https:\/\/www.photagne.com\/produit\/poster-toile-ou-tableau-le-mont-viso-depuis-le-rochemelon-deco-murale\/';\"><i class=\"obfx-menu-icon fa fa-cart-plus\" style=\"margin-right: 0.5em;\"><\/i>Order<\/button><\/div><\/div><\/div><p>For example, I captured this shot of Viso&#039;s summit at dusk from Rochemelon, another Italian peak accessible from the Susa Valley. I spent the night in the cold in the small summit hut, but the sensational 360-degree view in the evening was worth it!<\/p><h2 class=\"has-text-align-center wp-block-heading\">Order a poster of Mont Viso<\/h2><p>If you are particularly taken with one of my photographs of Mont Viso, you can order a print in the format you prefer. To do this, simply click on the photo in question and select the &quot;add to cart&quot; option located at the top right of the screen, or click directly on the &quot;order&quot; button. You will then have the choice between different options, such as a poster print, a canvas on a frame, or a painting. I have carefully chosen the quality of the printing medium: it is a glossy paper of optimal quality for photography (240 gsm). It will brilliantly render the depth of the color contrasts specific to the mountains.<\/p><p>So, you can beautify your interior with a magnificent poster of Mont Viso, captured by a French nature photographer. You&#039;ll have the opportunity to proudly display it in your living room or dining room.<\/p><div class=\"wp-block-media-text alignwide has-media-on-the-right is-stacked-on-mobile\" style=\"grid-template-columns:auto 70%\"><div class=\"wp-block-media-text__content\"><p><\/p>\n\n<div style=\"text-align: center;\"><button class=\"btn btn-primary\" type=\"button\" onclick=\"window.location.href='https:\/\/www.photagne.com\/produit\/poster-toile-ou-tableau-monviso-du-lac-fiorenza-deco-murale\/';\"><i class=\"obfx-menu-icon fa fa-cart-plus\" style=\"margin-right: 0.5em;\"><\/i>Order<\/button><\/div><\/div><figure class=\"wp-block-media-text__media\"><a href=\"https:\/\/www.photagne.com\/wp-content\/uploads\/2023\/12\/IMG_1767.jpg\"><img decoding=\"async\" width=\"1024\" height=\"683\" src=\"https:\/\/www.photagne.com\/wp-content\/uploads\/2023\/12\/IMG_1767-1024x683.jpg\" alt=\"Monviso from Lake Fiorenza\" class=\"wp-image-98254 size-full\" srcset=\"https:\/\/www.photagne.com\/wp-content\/uploads\/2023\/12\/IMG_1767-1024x683.jpg 1024w, https:\/\/www.photagne.com\/wp-content\/uploads\/2023\/12\/IMG_1767-300x200.jpg 300w, https:\/\/www.photagne.com\/wp-content\/uploads\/2023\/12\/IMG_1767-768x512.jpg 768w, https:\/\/www.photagne.com\/wp-content\/uploads\/2023\/12\/IMG_1767-1536x1024.jpg 1536w, https:\/\/www.photagne.com\/wp-content\/uploads\/2023\/12\/IMG_1767-18x12.jpg 18w, https:\/\/www.photagne.com\/wp-content\/uploads\/2023\/12\/IMG_1767-360x240.jpg 360w, https:\/\/www.photagne.com\/wp-content\/uploads\/2023\/12\/IMG_1767-230x153.jpg 230w, https:\/\/www.photagne.com\/wp-content\/uploads\/2023\/12\/IMG_1767-600x400.jpg 600w, https:\/\/www.photagne.com\/wp-content\/uploads\/2023\/12\/IMG_1767.jpg 1732w\" sizes=\"(max-width: 1024px) 100vw, 1024px\" \/><\/a><\/figure><\/div><h3 class=\"wp-block-heading\">Three poster sizes<\/h3><p class=\"has-text-align-justify\">Our posters are also among the least expensive on the market. A small print costs just 15 euros, making it ideal for a small space, such as between two cupboards in your kitchen or on a wardrobe in your bedroom. If you&#039;d like a larger print, for example, for your living room, we offer three sizes:<\/p><ul class=\"wp-block-list\"><li><strong>Small<\/strong> : 20 x 30 cm<\/li>\n\n<li><strong>Medium<\/strong> : 40 x 60 cm<\/li>\n\n<li><strong>Big<\/strong> : 60 x 90 cm<\/li><\/ul><p>Do you have other formats in mind? Contact me using the form on the homepage and I&#039;ll adapt to your needs.<\/p><h3 class=\"wp-block-heading\">Fast delivery and secure payment<\/h3><p class=\"has-text-align-justify\">Your poster will arrive within 5 to 10 business days. It will be packaged in protective film and rolled into a sturdy cardboard tube. Payment will, of course, be made securely. You can choose between card payment or bank transfer when finalizing your order.<\/p><h3 class=\"wp-block-heading\">Limited edition prints of Mont Viso posters<\/h3><p class=\"has-text-align-justify\">I sometimes offer limited edition prints of some of my photographs. Each copy is signed and numbered. Be sure to check back regularly on Photagne to take advantage of all the Mont Viso poster offers!<\/p><div class=\"wp-block-media-text alignwide is-stacked-on-mobile\" style=\"grid-template-columns:70% auto\"><figure class=\"wp-block-media-text__media\"><a href=\"https:\/\/www.photagne.com\/wp-content\/uploads\/2023\/12\/IMG_1716.jpg\"><img decoding=\"async\" width=\"1024\" height=\"683\" src=\"https:\/\/www.photagne.com\/wp-content\/uploads\/2023\/12\/IMG_1716-1024x683.jpg\" alt=\"Light on Monviso\" class=\"wp-image-98253 size-full\" srcset=\"https:\/\/www.photagne.com\/wp-content\/uploads\/2023\/12\/IMG_1716-1024x683.jpg 1024w, https:\/\/www.photagne.com\/wp-content\/uploads\/2023\/12\/IMG_1716-300x200.jpg 300w, https:\/\/www.photagne.com\/wp-content\/uploads\/2023\/12\/IMG_1716-768x512.jpg 768w, https:\/\/www.photagne.com\/wp-content\/uploads\/2023\/12\/IMG_1716-1536x1024.jpg 1536w, https:\/\/www.photagne.com\/wp-content\/uploads\/2023\/12\/IMG_1716-18x12.jpg 18w, https:\/\/www.photagne.com\/wp-content\/uploads\/2023\/12\/IMG_1716-360x240.jpg 360w, https:\/\/www.photagne.com\/wp-content\/uploads\/2023\/12\/IMG_1716-230x153.jpg 230w, https:\/\/www.photagne.com\/wp-content\/uploads\/2023\/12\/IMG_1716-600x400.jpg 600w, https:\/\/www.photagne.com\/wp-content\/uploads\/2023\/12\/IMG_1716.jpg 1732w\" sizes=\"(max-width: 1024px) 100vw, 1024px\" \/><\/a><\/figure><div class=\"wp-block-media-text__content\"><p><\/p>\n\n<div style=\"text-align: center;\"><button class=\"btn btn-primary\" type=\"button\" onclick=\"window.location.href='https:\/\/www.photagne.com\/produit\/poster-toile-ou-tableau-lumiere-sur-le-monviso-deco-murale\/';\"><i class=\"obfx-menu-icon fa fa-cart-plus\" style=\"margin-right: 0.5em;\"><\/i>Order<\/button><\/div><\/div><\/div><h2 class=\"has-text-align-center wp-block-heading\">My ascent of the Viso: story<\/h2><p>I climbed Viso with two friends on a beautiful September day. Here&#039;s the story of my adventure, which allowed me to capture some stunning photos of the mountain.<\/p><h3 class=\"wp-block-heading\">Mont Viso, on the edge of the void<\/h3><p>We got up in the middle of the night. Three headlamps, light bags, the simple desire to climb Monte Viso. At this hour, all is silence. No photos, no breaks\u2014just keep moving. The via ferrata is done in the dark, not a word too much, just the clinking of metal against rock.<\/p><p>Dawn finally breaks. It doesn&#039;t scream, it glides. The ridges gently light up, the shadows recede. We move from one technical passage to another. Our bodies are focused, our minds elsewhere. At that moment, I don&#039;t have the mind to shoot. I&#039;m in the mountains, not behind the camera.<\/p><p>We reach the summit. The sky is clear, the view immense. No photos yet. Just being there.<\/p><p>It&#039;s further down, on the descent, that the moment emerges. I look up. The summit of Mount Viso slowly disappears into the clouds, swallowed by a thick mist. We narrowly missed it. I stop, frame, and shoot. And here&#039;s my best photo of Mount Viso.<\/p><p>This shot is the trace of a suspended moment. Not a simple black and white mountain photo. Rather, a raw memory: the effort, the light, the silence... and the fleeting beauty of a summit that we thought would last forever, but which is already hidden.<\/p><h2 class=\"has-text-align-center wp-block-heading\">Explore mountain photos<\/h2><p>Haven&#039;t found the photo of your dreams? Feel free to explore the other sections of the site to find your favorite mountain photo! Why not start by taking a look at my section <a href=\"https:\/\/www.photagne.com\/en\/black-and-white-mountain-pictures\/\">black and white mountain photographs<\/a> ?<\/p><div class=\"wp-block-media-text alignwide has-media-on-the-right is-stacked-on-mobile\" style=\"grid-template-columns:auto 70%\"><div class=\"wp-block-media-text__content\"><p><\/p>\n\n<div style=\"text-align: center;\"><button class=\"btn btn-primary\" type=\"button\" onclick=\"window.location.href='https:\/\/www.photagne.com\/produit\/poster-toile-ou-tableau-monviso-dans-les-nuages-deco-murale\/';\"><i class=\"obfx-menu-icon fa fa-cart-plus\" style=\"margin-right: 0.5em;\"><\/i>Order<\/button><\/div><\/div><figure class=\"wp-block-media-text__media\"><a href=\"https:\/\/www.photagne.com\/wp-content\/uploads\/2023\/12\/IMG_1708.jpg\"><img decoding=\"async\" width=\"1024\" height=\"683\" src=\"https:\/\/www.photagne.com\/wp-content\/uploads\/2023\/12\/IMG_1708-1024x683.jpg\" alt=\"Photo Monviso in the clouds\" class=\"wp-image-98252 size-full\" srcset=\"https:\/\/www.photagne.com\/wp-content\/uploads\/2023\/12\/IMG_1708-1024x683.jpg 1024w, https:\/\/www.photagne.com\/wp-content\/uploads\/2023\/12\/IMG_1708-300x200.jpg 300w, https:\/\/www.photagne.com\/wp-content\/uploads\/2023\/12\/IMG_1708-768x512.jpg 768w, https:\/\/www.photagne.com\/wp-content\/uploads\/2023\/12\/IMG_1708-1536x1024.jpg 1536w, https:\/\/www.photagne.com\/wp-content\/uploads\/2023\/12\/IMG_1708-18x12.jpg 18w, https:\/\/www.photagne.com\/wp-content\/uploads\/2023\/12\/IMG_1708-360x240.jpg 360w, https:\/\/www.photagne.com\/wp-content\/uploads\/2023\/12\/IMG_1708-230x153.jpg 230w, https:\/\/www.photagne.com\/wp-content\/uploads\/2023\/12\/IMG_1708-600x400.jpg 600w, https:\/\/www.photagne.com\/wp-content\/uploads\/2023\/12\/IMG_1708.jpg 1732w\" sizes=\"(max-width: 1024px) 100vw, 1024px\" \/><\/a><\/figure><\/div>","protected":false},"excerpt":{"rendered":"<p>On this page, I offer you a selection of photographs and posters of Monte Viso, this emblematic peak of the Italian Alps. From the plain of Turin, it stands like an isolated spire, dominating all the surrounding terrain. It&#039;s a mountain that can be seen from afar\u2014massive, solitary, fascinating. [\u2026]<\/p>","protected":false},"author":1,"featured_media":5846,"parent":0,"menu_order":0,"comment_status":"closed","ping_status":"closed","template":"","meta":{"_mi_skip_tracking":false,"_monsterinsights_sitenote_active":false,"_monsterinsights_sitenote_note":"","_monsterinsights_sitenote_category":0,"jetpack_post_was_ever_published":false,"footnotes":""},"class_list":["post-99779","page","type-page","status-publish","has-post-thumbnail","hentry"],"acf":[],"yoast_head":"<!-- This site is optimized with the Yoast SEO plugin v20.12 - https:\/\/yoast.com\/wordpress\/plugins\/seo\/ -->\n<title>Photos du Mont Viso &bull; Photagne &bull; D\u00e9coration d&#039;int\u00e9rieur<\/title>\n<meta name=\"description\" content=\"Achetez un magnifique poster du Mont Viso sur Photagne. Parfait pour d\u00e9corer l&#039;int\u00e9rieur de votre salon ! Tirage sur papier lustr\u00e9.\" \/>\n<meta name=\"robots\" content=\"index, follow, max-snippet:-1, max-image-preview:large, max-video-preview:-1\" \/>\n<link rel=\"canonical\" href=\"https:\/\/www.photagne.com\/en\/poster-of-mont-viso\/\" \/>\n<meta property=\"og:locale\" content=\"en_GB\" \/>\n<meta property=\"og:type\" content=\"article\" \/>\n<meta property=\"og:title\" content=\"Photos du Mont Viso &bull; Photagne &bull; D\u00e9coration d&#039;int\u00e9rieur\" \/>\n<meta property=\"og:description\" content=\"Achetez un magnifique poster du Mont Viso sur Photagne. Parfait pour d\u00e9corer l&#039;int\u00e9rieur de votre salon ! Tirage sur papier lustr\u00e9.\" \/>\n<meta property=\"og:url\" content=\"https:\/\/www.photagne.com\/en\/poster-of-mont-viso\/\" \/>\n<meta property=\"og:site_name\" content=\"Photagne\" \/>\n<meta property=\"article:modified_time\" content=\"2025-05-12T16:38:34+00:00\" \/>\n<meta property=\"og:image\" content=\"https:\/\/www.photagne.com\/wp-content\/uploads\/2022\/03\/IMG_5402.jpg\" \/>\n\t<meta property=\"og:image:width\" content=\"1732\" \/>\n\t<meta property=\"og:image:height\" content=\"1155\" \/>\n\t<meta property=\"og:image:type\" content=\"image\/jpeg\" \/>\n<meta name=\"twitter:card\" content=\"summary_large_image\" \/>\n<meta name=\"twitter:label1\" content=\"Estimated reading time\" \/>\n\t<meta name=\"twitter:data1\" content=\"6 minutes\" \/>\n<script type=\"application\/ld+json\" class=\"yoast-schema-graph\">{\"@context\":\"https:\/\/schema.org\",\"@graph\":[{\"@type\":\"WebPage\",\"@id\":\"https:\/\/www.photagne.com\/photo-du-mont-viso\/\",\"url\":\"https:\/\/www.photagne.com\/photo-du-mont-viso\/\",\"name\":\"Photos du Mont Viso &bull; Photagne &bull; D\u00e9coration d'int\u00e9rieur\",\"isPartOf\":{\"@id\":\"https:\/\/www.photagne.com\/#website\"},\"datePublished\":\"2025-01-26T19:44:05+00:00\",\"dateModified\":\"2025-05-12T16:38:34+00:00\",\"description\":\"Achetez un magnifique poster du Mont Viso sur Photagne. Parfait pour d\u00e9corer l'int\u00e9rieur de votre salon ! Tirage sur papier lustr\u00e9.\",\"breadcrumb\":{\"@id\":\"https:\/\/www.photagne.com\/photo-du-mont-viso\/#breadcrumb\"},\"inLanguage\":\"en-GB\",\"potentialAction\":[{\"@type\":\"ReadAction\",\"target\":[\"https:\/\/www.photagne.com\/photo-du-mont-viso\/\"]}]},{\"@type\":\"BreadcrumbList\",\"@id\":\"https:\/\/www.photagne.com\/photo-du-mont-viso\/#breadcrumb\",\"itemListElement\":[{\"@type\":\"ListItem\",\"position\":1,\"name\":\"Accueil\",\"item\":\"https:\/\/www.photagne.com\/\"},{\"@type\":\"ListItem\",\"position\":2,\"name\":\"Photos du Mont Viso\"}]},{\"@type\":\"WebSite\",\"@id\":\"https:\/\/www.photagne.com\/#website\",\"url\":\"https:\/\/www.photagne.com\/\",\"name\":\"Photagne\",\"description\":\"Montagne, mer et paysages... Aussi vrais que nature.\",\"publisher\":{\"@id\":\"https:\/\/www.photagne.com\/#\/schema\/person\/3e571ba91ff94f56525115c261aa9530\"},\"potentialAction\":[{\"@type\":\"SearchAction\",\"target\":{\"@type\":\"EntryPoint\",\"urlTemplate\":\"https:\/\/www.photagne.com\/?s={search_term_string}\"},\"query-input\":\"required name=search_term_string\"}],\"inLanguage\":\"en-GB\"},{\"@type\":[\"Person\",\"Organization\"],\"@id\":\"https:\/\/www.photagne.com\/#\/schema\/person\/3e571ba91ff94f56525115c261aa9530\",\"name\":\"Photagne\",\"image\":{\"@type\":\"ImageObject\",\"inLanguage\":\"en-GB\",\"@id\":\"https:\/\/www.photagne.com\/#\/schema\/person\/image\/\",\"url\":\"https:\/\/www.photagne.com\/wp-content\/uploads\/2021\/01\/P6180874-1-scaled.jpeg\",\"contentUrl\":\"https:\/\/www.photagne.com\/wp-content\/uploads\/2021\/01\/P6180874-1-scaled.jpeg\",\"width\":1920,\"height\":2560,\"caption\":\"Photagne\"},\"logo\":{\"@id\":\"https:\/\/www.photagne.com\/#\/schema\/person\/image\/\"},\"description\":\"J'ai commenc\u00e9 la photographie en 2015 lors d'un voyage \u00e0 Hawaii. Depuis lors, je me consacre \u00e0 la photographie de paysages lors de mes nombreux treks en montagne.\",\"sameAs\":[\"https:\/\/photagne.com\"]}]}<\/script>\n<!-- \/ Yoast SEO plugin. -->","yoast_head_json":{"title":"Photos du Mont Viso &bull; Photagne &bull; D\u00e9coration d'int\u00e9rieur","description":"Achetez un magnifique poster du Mont Viso sur Photagne. Parfait pour d\u00e9corer l'int\u00e9rieur de votre salon ! Tirage sur papier lustr\u00e9.","robots":{"index":"index","follow":"follow","max-snippet":"max-snippet:-1","max-image-preview":"max-image-preview:large","max-video-preview":"max-video-preview:-1"},"canonical":"https:\/\/www.photagne.com\/en\/poster-of-mont-viso\/","og_locale":"en_GB","og_type":"article","og_title":"Photos du Mont Viso &bull; Photagne &bull; D\u00e9coration d'int\u00e9rieur","og_description":"Achetez un magnifique poster du Mont Viso sur Photagne. Parfait pour d\u00e9corer l'int\u00e9rieur de votre salon ! Tirage sur papier lustr\u00e9.","og_url":"https:\/\/www.photagne.com\/en\/poster-of-mont-viso\/","og_site_name":"Photagne","article_modified_time":"2025-05-12T16:38:34+00:00","og_image":[{"width":1732,"height":1155,"url":"https:\/\/www.photagne.com\/wp-content\/uploads\/2022\/03\/IMG_5402.jpg","type":"image\/jpeg"}],"twitter_card":"summary_large_image","twitter_misc":{"Estimated reading time":"6 minutes"},"schema":{"@context":"https:\/\/schema.org","@graph":[{"@type":"WebPage","@id":"https:\/\/www.photagne.com\/photo-du-mont-viso\/","url":"https:\/\/www.photagne.com\/photo-du-mont-viso\/","name":"Photos du Mont Viso &bull; Photagne &bull; D\u00e9coration d'int\u00e9rieur","isPartOf":{"@id":"https:\/\/www.photagne.com\/#website"},"datePublished":"2025-01-26T19:44:05+00:00","dateModified":"2025-05-12T16:38:34+00:00","description":"Achetez un magnifique poster du Mont Viso sur Photagne. Parfait pour d\u00e9corer l'int\u00e9rieur de votre salon ! Tirage sur papier lustr\u00e9.","breadcrumb":{"@id":"https:\/\/www.photagne.com\/photo-du-mont-viso\/#breadcrumb"},"inLanguage":"en-GB","potentialAction":[{"@type":"ReadAction","target":["https:\/\/www.photagne.com\/photo-du-mont-viso\/"]}]},{"@type":"BreadcrumbList","@id":"https:\/\/www.photagne.com\/photo-du-mont-viso\/#breadcrumb","itemListElement":[{"@type":"ListItem","position":1,"name":"Accueil","item":"https:\/\/www.photagne.com\/"},{"@type":"ListItem","position":2,"name":"Photos du Mont Viso"}]},{"@type":"WebSite","@id":"https:\/\/www.photagne.com\/#website","url":"https:\/\/www.photagne.com\/","name":"Photagne","description":"Montagne, mer et paysages... Aussi vrais que nature.","publisher":{"@id":"https:\/\/www.photagne.com\/#\/schema\/person\/3e571ba91ff94f56525115c261aa9530"},"potentialAction":[{"@type":"SearchAction","target":{"@type":"EntryPoint","urlTemplate":"https:\/\/www.photagne.com\/?s={search_term_string}"},"query-input":"required name=search_term_string"}],"inLanguage":"en-GB"},{"@type":["Person","Organization"],"@id":"https:\/\/www.photagne.com\/#\/schema\/person\/3e571ba91ff94f56525115c261aa9530","name":"Photagne","image":{"@type":"ImageObject","inLanguage":"en-GB","@id":"https:\/\/www.photagne.com\/#\/schema\/person\/image\/","url":"https:\/\/www.photagne.com\/wp-content\/uploads\/2021\/01\/P6180874-1-scaled.jpeg","contentUrl":"https:\/\/www.photagne.com\/wp-content\/uploads\/2021\/01\/P6180874-1-scaled.jpeg","width":1920,"height":2560,"caption":"Photagne"},"logo":{"@id":"https:\/\/www.photagne.com\/#\/schema\/person\/image\/"},"description":"J'ai commenc\u00e9 la photographie en 2015 lors d'un voyage \u00e0 Hawaii. Depuis lors, je me consacre \u00e0 la photographie de paysages lors de mes nombreux treks en montagne.","sameAs":["https:\/\/photagne.com"]}]}},"jetpack_shortlink":"https:\/\/wp.me\/PcIq5x-pXl","jetpack_sharing_enabled":true,"jetpack_likes_enabled":true,"_links":{"self":[{"href":"https:\/\/www.photagne.com\/en\/wp-json\/wp\/v2\/pages\/99779","targetHints":{"allow":["GET"]}}],"collection":[{"href":"https:\/\/www.photagne.com\/en\/wp-json\/wp\/v2\/pages"}],"about":[{"href":"https:\/\/www.photagne.com\/en\/wp-json\/wp\/v2\/types\/page"}],"author":[{"embeddable":true,"href":"https:\/\/www.photagne.com\/en\/wp-json\/wp\/v2\/users\/1"}],"replies":[{"embeddable":true,"href":"https:\/\/www.photagne.com\/en\/wp-json\/wp\/v2\/comments?post=99779"}],"version-history":[{"count":4,"href":"https:\/\/www.photagne.com\/en\/wp-json\/wp\/v2\/pages\/99779\/revisions"}],"predecessor-version":[{"id":100277,"href":"https:\/\/www.photagne.com\/en\/wp-json\/wp\/v2\/pages\/99779\/revisions\/100277"}],"wp:featuredmedia":[{"embeddable":true,"href":"https:\/\/www.photagne.com\/en\/wp-json\/wp\/v2\/media\/5846"}],"wp:attachment":[{"href":"https:\/\/www.photagne.com\/en\/wp-json\/wp\/v2\/media?parent=99779"}],"curies":[{"name":"wp","href":"https:\/\/api.w.org\/{rel}","templated":true}]}}