{"id":95629,"date":"2023-01-25T18:57:40","date_gmt":"2023-01-25T17:57:40","guid":{"rendered":"https:\/\/www.photagne.com\/produit\/poster-toile-ou-tableau-skieur-devant-la-grande-casse-et-la-vallee-de-la-leisse-enneigee-deco-murale\/"},"modified":"2025-05-31T04:42:56","modified_gmt":"2025-05-31T02:42:56","slug":"poster-toile-ou-tableau-skieur-devant-la-grande-casse-et-la-vallee-de-la-leisse-enneigee-deco-murale","status":"publish","type":"product","link":"https:\/\/www.photagne.com\/en\/product\/poster-canvas-or-painting-skier-in-front-of-the-grande-casse-and-the-vallee-de-la-leisse-neigee-deco-mural\/","title":{"rendered":"Mountain Photo: Skier in front of the Grande Casse and the snow-covered Leisse Valley \u2013 Poster and art print"},"content":{"rendered":"<p>Order a large format print of my photos!<\/p>","protected":false},"excerpt":{"rendered":"<p>Decorate your walls with a print of my photos!<\/p>","protected":false},"featured_media":95478,"comment_status":"open","ping_status":"closed","template":"","meta":{"_mi_skip_tracking":false,"_monsterinsights_sitenote_active":false,"_monsterinsights_sitenote_note":"","_monsterinsights_sitenote_category":0,"jetpack_post_was_ever_published":false},"product_brand":[],"product_cat":[140],"product_tag":[],"class_list":{"0":"post-95629","1":"product","2":"type-product","3":"status-publish","4":"has-post-thumbnail","6":"product_cat-noir-et-blanc","8":"first","9":"instock","10":"taxable","11":"shipping-taxable","12":"purchasable","13":"product-type-variable","14":"has-default-attributes"},"acf":[],"yoast_head":"<!-- This site is optimized with the Yoast SEO plugin v20.12 - https:\/\/yoast.com\/wordpress\/plugins\/seo\/ -->\n<title>Photo de montagne: Skieur devant la Grande Casse et la vall\u00e9e de la Leisse enneig\u00e9e - Poster et tableau d&#039;art &bull; Photagne<\/title>\n<meta name=\"robots\" content=\"index, follow, max-snippet:-1, max-image-preview:large, max-video-preview:-1\" \/>\n<link rel=\"canonical\" href=\"https:\/\/www.photagne.com\/en\/product\/poster-canvas-or-painting-skier-in-front-of-the-grande-casse-and-the-vallee-de-la-leisse-neigee-deco-mural\/\" \/>\n<meta property=\"og:locale\" content=\"en_GB\" \/>\n<meta property=\"og:type\" content=\"article\" \/>\n<meta property=\"og:title\" content=\"Photo de montagne: Skieur devant la Grande Casse et la vall\u00e9e de la Leisse enneig\u00e9e - Poster et tableau d&#039;art &bull; Photagne\" \/>\n<meta property=\"og:description\" content=\"D\u00e9corez vos murs avec un tirage de mes photos !\" \/>\n<meta property=\"og:url\" content=\"https:\/\/www.photagne.com\/en\/product\/poster-canvas-or-painting-skier-in-front-of-the-grande-casse-and-the-vallee-de-la-leisse-neigee-deco-mural\/\" \/>\n<meta property=\"og:site_name\" content=\"Photagne\" \/>\n<meta property=\"article:modified_time\" content=\"2025-05-31T02:42:56+00:00\" \/>\n<meta property=\"og:image\" content=\"https:\/\/www.photagne.com\/wp-content\/uploads\/2023\/01\/IMG_7414_NB.jpg\" \/>\n\t<meta property=\"og:image:width\" content=\"1732\" \/>\n\t<meta property=\"og:image:height\" content=\"1155\" \/>\n\t<meta property=\"og:image:type\" content=\"image\/jpeg\" \/>\n<meta name=\"twitter:card\" content=\"summary_large_image\" \/>\n<script type=\"application\/ld+json\" class=\"yoast-schema-graph\">{\"@context\":\"https:\/\/schema.org\",\"@graph\":[{\"@type\":\"WebPage\",\"@id\":\"https:\/\/www.photagne.com\/produit\/poster-toile-ou-tableau-skieur-devant-la-grande-casse-et-la-vallee-de-la-leisse-enneigee-deco-murale\/\",\"url\":\"https:\/\/www.photagne.com\/produit\/poster-toile-ou-tableau-skieur-devant-la-grande-casse-et-la-vallee-de-la-leisse-enneigee-deco-murale\/\",\"name\":\"Photo de montagne: Skieur devant la Grande Casse et la vall\u00e9e de la Leisse enneig\u00e9e - Poster et tableau d'art &bull; Photagne\",\"isPartOf\":{\"@id\":\"https:\/\/www.photagne.com\/#website\"},\"datePublished\":\"2023-01-25T17:57:40+00:00\",\"dateModified\":\"2025-05-31T02:42:56+00:00\",\"breadcrumb\":{\"@id\":\"https:\/\/www.photagne.com\/produit\/poster-toile-ou-tableau-skieur-devant-la-grande-casse-et-la-vallee-de-la-leisse-enneigee-deco-murale\/#breadcrumb\"},\"inLanguage\":\"en-GB\",\"potentialAction\":[{\"@type\":\"ReadAction\",\"target\":[\"https:\/\/www.photagne.com\/produit\/poster-toile-ou-tableau-skieur-devant-la-grande-casse-et-la-vallee-de-la-leisse-enneigee-deco-murale\/\"]}]},{\"@type\":\"BreadcrumbList\",\"@id\":\"https:\/\/www.photagne.com\/produit\/poster-toile-ou-tableau-skieur-devant-la-grande-casse-et-la-vallee-de-la-leisse-enneigee-deco-murale\/#breadcrumb\",\"itemListElement\":[{\"@type\":\"ListItem\",\"position\":1,\"name\":\"Accueil\",\"item\":\"https:\/\/www.photagne.com\/\"},{\"@type\":\"ListItem\",\"position\":2,\"name\":\"Boutique\",\"item\":\"https:\/\/www.photagne.com\/boutique\/\"},{\"@type\":\"ListItem\",\"position\":3,\"name\":\"Photo de montagne: Skieur devant la Grande Casse et la vall\u00e9e de la Leisse enneig\u00e9e &#8211; Poster et tableau d&#8217;art\"}]},{\"@type\":\"WebSite\",\"@id\":\"https:\/\/www.photagne.com\/#website\",\"url\":\"https:\/\/www.photagne.com\/\",\"name\":\"Photagne\",\"description\":\"Montagne, mer et paysages... Aussi vrais que nature.\",\"publisher\":{\"@id\":\"https:\/\/www.photagne.com\/#\/schema\/person\/3e571ba91ff94f56525115c261aa9530\"},\"potentialAction\":[{\"@type\":\"SearchAction\",\"target\":{\"@type\":\"EntryPoint\",\"urlTemplate\":\"https:\/\/www.photagne.com\/?s={search_term_string}\"},\"query-input\":\"required name=search_term_string\"}],\"inLanguage\":\"en-GB\"},{\"@type\":[\"Person\",\"Organization\"],\"@id\":\"https:\/\/www.photagne.com\/#\/schema\/person\/3e571ba91ff94f56525115c261aa9530\",\"name\":\"Photagne\",\"image\":{\"@type\":\"ImageObject\",\"inLanguage\":\"en-GB\",\"@id\":\"https:\/\/www.photagne.com\/#\/schema\/person\/image\/\",\"url\":\"https:\/\/www.photagne.com\/wp-content\/uploads\/2021\/01\/P6180874-1-scaled.jpeg\",\"contentUrl\":\"https:\/\/www.photagne.com\/wp-content\/uploads\/2021\/01\/P6180874-1-scaled.jpeg\",\"width\":1920,\"height\":2560,\"caption\":\"Photagne\"},\"logo\":{\"@id\":\"https:\/\/www.photagne.com\/#\/schema\/person\/image\/\"},\"description\":\"J'ai commenc\u00e9 la photographie en 2015 lors d'un voyage \u00e0 Hawaii. Depuis lors, je me consacre \u00e0 la photographie de paysages lors de mes nombreux treks en montagne.\",\"sameAs\":[\"https:\/\/photagne.com\"]}]}<\/script>\n<!-- \/ Yoast SEO plugin. -->","yoast_head_json":{"title":"Photo de montagne: Skieur devant la Grande Casse et la vall\u00e9e de la Leisse enneig\u00e9e - Poster et tableau d'art &bull; Photagne","robots":{"index":"index","follow":"follow","max-snippet":"max-snippet:-1","max-image-preview":"max-image-preview:large","max-video-preview":"max-video-preview:-1"},"canonical":"https:\/\/www.photagne.com\/en\/product\/poster-canvas-or-painting-skier-in-front-of-the-grande-casse-and-the-vallee-de-la-leisse-neigee-deco-mural\/","og_locale":"en_GB","og_type":"article","og_title":"Photo de montagne: Skieur devant la Grande Casse et la vall\u00e9e de la Leisse enneig\u00e9e - Poster et tableau d'art &bull; Photagne","og_description":"D\u00e9corez vos murs avec un tirage de mes photos !","og_url":"https:\/\/www.photagne.com\/en\/product\/poster-canvas-or-painting-skier-in-front-of-the-grande-casse-and-the-vallee-de-la-leisse-neigee-deco-mural\/","og_site_name":"Photagne","article_modified_time":"2025-05-31T02:42:56+00:00","og_image":[{"width":1732,"height":1155,"url":"https:\/\/www.photagne.com\/wp-content\/uploads\/2023\/01\/IMG_7414_NB.jpg","type":"image\/jpeg"}],"twitter_card":"summary_large_image","schema":{"@context":"https:\/\/schema.org","@graph":[{"@type":"WebPage","@id":"https:\/\/www.photagne.com\/produit\/poster-toile-ou-tableau-skieur-devant-la-grande-casse-et-la-vallee-de-la-leisse-enneigee-deco-murale\/","url":"https:\/\/www.photagne.com\/produit\/poster-toile-ou-tableau-skieur-devant-la-grande-casse-et-la-vallee-de-la-leisse-enneigee-deco-murale\/","name":"Photo de montagne: Skieur devant la Grande Casse et la vall\u00e9e de la Leisse enneig\u00e9e - Poster et tableau d'art &bull; Photagne","isPartOf":{"@id":"https:\/\/www.photagne.com\/#website"},"datePublished":"2023-01-25T17:57:40+00:00","dateModified":"2025-05-31T02:42:56+00:00","breadcrumb":{"@id":"https:\/\/www.photagne.com\/produit\/poster-toile-ou-tableau-skieur-devant-la-grande-casse-et-la-vallee-de-la-leisse-enneigee-deco-murale\/#breadcrumb"},"inLanguage":"en-GB","potentialAction":[{"@type":"ReadAction","target":["https:\/\/www.photagne.com\/produit\/poster-toile-ou-tableau-skieur-devant-la-grande-casse-et-la-vallee-de-la-leisse-enneigee-deco-murale\/"]}]},{"@type":"BreadcrumbList","@id":"https:\/\/www.photagne.com\/produit\/poster-toile-ou-tableau-skieur-devant-la-grande-casse-et-la-vallee-de-la-leisse-enneigee-deco-murale\/#breadcrumb","itemListElement":[{"@type":"ListItem","position":1,"name":"Accueil","item":"https:\/\/www.photagne.com\/"},{"@type":"ListItem","position":2,"name":"Boutique","item":"https:\/\/www.photagne.com\/boutique\/"},{"@type":"ListItem","position":3,"name":"Photo de montagne: Skieur devant la Grande Casse et la vall\u00e9e de la Leisse enneig\u00e9e &#8211; Poster et tableau d&#8217;art"}]},{"@type":"WebSite","@id":"https:\/\/www.photagne.com\/#website","url":"https:\/\/www.photagne.com\/","name":"Photagne","description":"Montagne, mer et paysages... Aussi vrais que nature.","publisher":{"@id":"https:\/\/www.photagne.com\/#\/schema\/person\/3e571ba91ff94f56525115c261aa9530"},"potentialAction":[{"@type":"SearchAction","target":{"@type":"EntryPoint","urlTemplate":"https:\/\/www.photagne.com\/?s={search_term_string}"},"query-input":"required name=search_term_string"}],"inLanguage":"en-GB"},{"@type":["Person","Organization"],"@id":"https:\/\/www.photagne.com\/#\/schema\/person\/3e571ba91ff94f56525115c261aa9530","name":"Photagne","image":{"@type":"ImageObject","inLanguage":"en-GB","@id":"https:\/\/www.photagne.com\/#\/schema\/person\/image\/","url":"https:\/\/www.photagne.com\/wp-content\/uploads\/2021\/01\/P6180874-1-scaled.jpeg","contentUrl":"https:\/\/www.photagne.com\/wp-content\/uploads\/2021\/01\/P6180874-1-scaled.jpeg","width":1920,"height":2560,"caption":"Photagne"},"logo":{"@id":"https:\/\/www.photagne.com\/#\/schema\/person\/image\/"},"description":"J'ai commenc\u00e9 la photographie en 2015 lors d'un voyage \u00e0 Hawaii. Depuis lors, je me consacre \u00e0 la photographie de paysages lors de mes nombreux treks en montagne.","sameAs":["https:\/\/photagne.com"]}]}},"jetpack_sharing_enabled":true,"jetpack_likes_enabled":true,"_links":{"self":[{"href":"https:\/\/www.photagne.com\/en\/wp-json\/wp\/v2\/product\/95629","targetHints":{"allow":["GET"]}}],"collection":[{"href":"https:\/\/www.photagne.com\/en\/wp-json\/wp\/v2\/product"}],"about":[{"href":"https:\/\/www.photagne.com\/en\/wp-json\/wp\/v2\/types\/product"}],"replies":[{"embeddable":true,"href":"https:\/\/www.photagne.com\/en\/wp-json\/wp\/v2\/comments?post=95629"}],"wp:featuredmedia":[{"embeddable":true,"href":"https:\/\/www.photagne.com\/en\/wp-json\/wp\/v2\/media\/95478"}],"wp:attachment":[{"href":"https:\/\/www.photagne.com\/en\/wp-json\/wp\/v2\/media?parent=95629"}],"wp:term":[{"taxonomy":"product_brand","embeddable":true,"href":"https:\/\/www.photagne.com\/en\/wp-json\/wp\/v2\/product_brand?post=95629"},{"taxonomy":"product_cat","embeddable":true,"href":"https:\/\/www.photagne.com\/en\/wp-json\/wp\/v2\/product_cat?post=95629"},{"taxonomy":"product_tag","embeddable":true,"href":"https:\/\/www.photagne.com\/en\/wp-json\/wp\/v2\/product_tag?post=95629"}],"curies":[{"name":"wp","href":"https:\/\/api.w.org\/{rel}","templated":true}]}}