{"id":100250,"date":"2025-05-12T17:28:06","date_gmt":"2025-05-12T15:28:06","guid":{"rendered":"https:\/\/www.photagne.com\/?page_id=100250"},"modified":"2025-05-13T14:59:23","modified_gmt":"2025-05-13T12:59:23","slug":"posters-des-dolomites","status":"publish","type":"page","link":"https:\/\/www.photagne.com\/it\/poster-delle-dolomiti\/","title":{"rendered":"Poster delle Dolomiti"},"content":{"rendered":"<p class=\"has-text-align-justify\">Benvenuti nella mia pagina delle <strong>foto e poster delle Dolomiti<\/strong>. Avendo vissuto per molti anni nel nord Italia, ho avuto modo di visitare molte volte queste montagne molto speciali, situate al confine tra Italia e Austria. Le cime costituite da massicce rocce con immense pareti rocciose creano un sorprendente contrasto con l&#039;erba verde e soffice dei prati d&#039;alta quota. La loro bellezza senza tempo, unica al mondo, ha fatto s\u00ec che le Dolomiti siano state dichiarate Patrimonio dell&#039;Umanit\u00e0 dall&#039;UNESCO. <\/p><div class=\"wp-block-media-text alignwide is-stacked-on-mobile\" style=\"grid-template-columns:70% auto\"><figure class=\"wp-block-media-text__media\"><a href=\"https:\/\/www.photagne.com\/it\/prodotto\/poster-tela-o-dipinto-paesaggio-dolomitico-decorazione-parete\/\"><img decoding=\"async\" width=\"1024\" height=\"683\" src=\"https:\/\/www.photagne.com\/wp-content\/uploads\/2025\/01\/IMG_1989-1024x683.jpg\" alt=\"Poster delle Dolomiti: Paesaggio dolomitico vicino a Cortina d&#039;Ampezzo\" class=\"wp-image-99350 size-full\" srcset=\"https:\/\/www.photagne.com\/wp-content\/uploads\/2025\/01\/IMG_1989-1024x683.jpg 1024w, https:\/\/www.photagne.com\/wp-content\/uploads\/2025\/01\/IMG_1989-300x200.jpg 300w, https:\/\/www.photagne.com\/wp-content\/uploads\/2025\/01\/IMG_1989-768x512.jpg 768w, https:\/\/www.photagne.com\/wp-content\/uploads\/2025\/01\/IMG_1989-1536x1024.jpg 1536w, https:\/\/www.photagne.com\/wp-content\/uploads\/2025\/01\/IMG_1989-18x12.jpg 18w, https:\/\/www.photagne.com\/wp-content\/uploads\/2025\/01\/IMG_1989-360x240.jpg 360w, https:\/\/www.photagne.com\/wp-content\/uploads\/2025\/01\/IMG_1989-230x153.jpg 230w, https:\/\/www.photagne.com\/wp-content\/uploads\/2025\/01\/IMG_1989-600x400.jpg 600w, https:\/\/www.photagne.com\/wp-content\/uploads\/2025\/01\/IMG_1989.jpg 1732w\" sizes=\"(max-width: 1024px) 100vw, 1024px\" \/><\/a><\/figure><div class=\"wp-block-media-text__content\"><p><\/p>\n\n<div style=\"text-align: center;\"><button class=\"btn btn-primary\" type=\"button\" onclick=\"window.location.href='https:\/\/www.photagne.com\/produit\/poster-toile-ou-tableau-paysage-dolomitique-deco-murale\/';\"><i class=\"obfx-menu-icon fa fa-cart-plus\" style=\"margin-right: 0.5em;\"><\/i>ordinare<\/button><\/div><\/div><\/div><h2 class=\"has-text-align-center wp-block-heading\">Ordina un poster delle Dolomiti su Photagne<\/h2><p class=\"has-text-align-justify\">Le immagini delle Dolomiti sono ideali per un magnifico poster di montagna che aggiunger\u00e0 un tocco grandioso al tuo arredamento. Su Photagne puoi ordinare una stampa fotografica delle mie foto da appendere alla tua parete preferita. Ho scelto con cura la qualit\u00e0 del supporto: si tratta di una carta lucida di qualit\u00e0 ottimale per la fotografia (240 g\/m\u00b2). Sapr\u00e0 rendere in modo brillante la profondit\u00e0 dei contrasti cromatici tipici delle Dolomiti.<\/p><div class=\"wp-block-media-text alignwide has-media-on-the-right is-stacked-on-mobile\" style=\"grid-template-columns:auto 70%\"><div class=\"wp-block-media-text__content\"><p><\/p>\n\n<div style=\"text-align: center;\"><button class=\"btn btn-primary\" type=\"button\" onclick=\"window.location.href='https:\/\/www.photagne.com\/produit\/poster-toile-ou-tableau-lac-de-coldai-et-civetta-deco-murale\/';\"><i class=\"obfx-menu-icon fa fa-cart-plus\" style=\"margin-right: 0.5em;\"><\/i>ordinare<\/button><\/div><\/div><figure class=\"wp-block-media-text__media\"><a href=\"https:\/\/www.photagne.com\/it\/prodotto\/poster-tela-o-dipinto-lago-coldai-e-civetta-decorazione-parete\/\"><img decoding=\"async\" width=\"683\" height=\"1024\" src=\"https:\/\/www.photagne.com\/wp-content\/uploads\/2025\/01\/IMG_2014-683x1024.jpg\" alt=\"Manifesto delle Dolomiti: Lago Coldai e Civetta\" class=\"wp-image-99351 size-full\" srcset=\"https:\/\/www.photagne.com\/wp-content\/uploads\/2025\/01\/IMG_2014-683x1024.jpg 683w, https:\/\/www.photagne.com\/wp-content\/uploads\/2025\/01\/IMG_2014-200x300.jpg 200w, https:\/\/www.photagne.com\/wp-content\/uploads\/2025\/01\/IMG_2014-768x1152.jpg 768w, https:\/\/www.photagne.com\/wp-content\/uploads\/2025\/01\/IMG_2014-1024x1536.jpg 1024w, https:\/\/www.photagne.com\/wp-content\/uploads\/2025\/01\/IMG_2014-8x12.jpg 8w, https:\/\/www.photagne.com\/wp-content\/uploads\/2025\/01\/IMG_2014-230x345.jpg 230w, https:\/\/www.photagne.com\/wp-content\/uploads\/2025\/01\/IMG_2014-600x900.jpg 600w, https:\/\/www.photagne.com\/wp-content\/uploads\/2025\/01\/IMG_2014.jpg 1155w\" sizes=\"(max-width: 683px) 100vw, 683px\" \/><\/a><\/figure><\/div><h3 class=\"wp-block-heading\">Tre formati di poster<\/h3><p class=\"has-text-align-justify\">I nostri poster sono anche tra i pi\u00f9 economici sul mercato. La stampa in piccolo formato costa quindi solo 15 euro, l&#039;ideale per spazi ridotti, ad esempio tra due pensili della cucina o su un armadio in camera da letto. Se desideri una stampa pi\u00f9 grande, ad esempio per il tuo soggiorno, sono disponibili tre dimensioni:<\/p><ul class=\"wp-block-list\"><li><strong>Piccolo<\/strong> : 20 x 30 cm<\/li>\n\n<li><strong>Media<\/strong> : 40 x 60 cm<\/li>\n\n<li><strong>Grande<\/strong> : 60 x 90 cm<\/li><\/ul><p>Hai in mente altri formati? Contattami tramite il modulo presente nella home page e mi adatter\u00f2 alle tue esigenze.<\/p><h3 class=\"wp-block-heading\">Consegna veloce e pagamento sicuro<\/h3><p class=\"has-text-align-justify\">I tempi di consegna del tuo poster sono compresi tra 5 e 10 giorni lavorativi. Sar\u00e0 avvolto in una pellicola protettiva e arrotolato in un robusto tubo di cartone. Naturalmente il pagamento verr\u00e0 effettuato in modalit\u00e0 sicura 100%. Al momento di finalizzare l&#039;ordine puoi scegliere se pagare tramite carta o bonifico bancario.<\/p><h3 class=\"wp-block-heading\">Stampe in edizione limitata di poster delle Dolomiti<\/h3><p class=\"has-text-align-justify\">A volte offro stampe in edizione limitata di alcune delle mie fotografie. Ogni copia \u00e8 firmata e numerata. Non esitate a tornare regolarmente su Photagne per approfittare di tutte le offerte dedicate ai poster delle Dolomiti!<\/p><div class=\"wp-block-media-text alignwide is-stacked-on-mobile\" style=\"grid-template-columns:70% auto\"><figure class=\"wp-block-media-text__media\"><a href=\"https:\/\/www.photagne.com\/it\/prodotto\/poster-tela-o-dipinto-luce-sulla-civetta-decorazione-parete\/\"><img decoding=\"async\" width=\"683\" height=\"1024\" src=\"https:\/\/www.photagne.com\/wp-content\/uploads\/2025\/01\/IMG_2101-683x1024.jpg\" alt=\"Luce sul Civetta\" class=\"wp-image-99352 size-full\" srcset=\"https:\/\/www.photagne.com\/wp-content\/uploads\/2025\/01\/IMG_2101-683x1024.jpg 683w, https:\/\/www.photagne.com\/wp-content\/uploads\/2025\/01\/IMG_2101-200x300.jpg 200w, https:\/\/www.photagne.com\/wp-content\/uploads\/2025\/01\/IMG_2101-768x1152.jpg 768w, https:\/\/www.photagne.com\/wp-content\/uploads\/2025\/01\/IMG_2101-1024x1536.jpg 1024w, https:\/\/www.photagne.com\/wp-content\/uploads\/2025\/01\/IMG_2101-8x12.jpg 8w, https:\/\/www.photagne.com\/wp-content\/uploads\/2025\/01\/IMG_2101-230x345.jpg 230w, https:\/\/www.photagne.com\/wp-content\/uploads\/2025\/01\/IMG_2101-600x900.jpg 600w, https:\/\/www.photagne.com\/wp-content\/uploads\/2025\/01\/IMG_2101.jpg 1155w\" sizes=\"(max-width: 683px) 100vw, 683px\" \/><\/a><\/figure><div class=\"wp-block-media-text__content\"><p><\/p>\n\n<div style=\"text-align: center;\"><button class=\"btn btn-primary\" type=\"button\" onclick=\"window.location.href='https:\/\/www.photagne.com\/produit\/poster-toile-ou-tableau-lumiere-sur-la-civetta-deco-murale\/';\"><i class=\"obfx-menu-icon fa fa-cart-plus\" style=\"margin-right: 0.5em;\"><\/i>ordinare<\/button><\/div><\/div><\/div><h2 class=\"has-text-align-center wp-block-heading\">Le mie avventure fotografiche nelle Dolomiti<\/h2><p class=\"has-text-align-justify\">Le foto delle Dolomiti che mostro in questa pagina provengono dalle numerose escursioni che ho intrapreso in questi maestosi paesaggi. Spesso vado in gruppo con qualche amico, a volte da solo, ma sempre con questa voglia di scoprire la montagna negli angoli pi\u00f9 inaspettati, di catturare l&#039;essenza delle cime nei momenti in cui la luce \u00e8 pi\u00f9 bella. Per me la montagna \u00e8 sempre una fonte di infinita ispirazione.<\/p><p class=\"has-text-align-justify\">Non esitate a scoprire la mia storia del <a href=\"https:\/\/www.photagne.com\/it\/giro-del-civetta-in-3-giorni-in-tenda\/\">giro della Civetta<\/a>, o anche la mia incredibile <a href=\"https:\/\/www.photagne.com\/it\/dolomiti-in-bivacco-storia-attraversamento-dune\/\">traversata completa delle Dolomiti<\/a> nell&#039;arco di tre settimane. Scoprirete l&#039;altro lato delle mie foto: la vita in montagna non \u00e8 sempre cos\u00ec affascinante come la gente vorrebbe credere (leggete perch\u00e9 ho dormito sotto un&#039;autostrada!). <\/p><p class=\"has-text-align-justify\">Non riesci a trovare quello che stai cercando? Quindi vai a vedere le mie altre fotografie e <a href=\"https:\/\/www.photagne.com\/it\/fotografie-delle-alpi\/\">poster delle Alpi<\/a>, ad esempio la mia collezione di <a href=\"https:\/\/www.photagne.com\/it\/fotografie-dei-casi\/\">foto degli \u00c9crins<\/a> !<\/p>","protected":false},"excerpt":{"rendered":"<p>Benvenuti alla mia pagina di foto e poster delle Dolomiti. Avendo vissuto per molti anni nel nord Italia, ho avuto l&#039;opportunit\u00e0 di visitare pi\u00f9 volte queste montagne uniche al confine tra Italia e Austria. Le cime, fatte di roccia massiccia con immense pareti rocciose, offrono un sorprendente contrasto con [\u2026]<\/p>","protected":false},"author":1,"featured_media":99350,"parent":0,"menu_order":0,"comment_status":"closed","ping_status":"closed","template":"","meta":{"_mi_skip_tracking":false,"_monsterinsights_sitenote_active":false,"_monsterinsights_sitenote_note":"","_monsterinsights_sitenote_category":0,"jetpack_post_was_ever_published":false,"footnotes":""},"class_list":["post-100250","page","type-page","status-publish","has-post-thumbnail","hentry"],"acf":[],"yoast_head":"<!-- This site is optimized with the Yoast SEO plugin v20.12 - https:\/\/yoast.com\/wordpress\/plugins\/seo\/ -->\n<title>Posters des Dolomites &bull; Photagne &bull; Livraison rapide, paiement s\u00e9curis\u00e9<\/title>\n<meta name=\"description\" content=\"Commandez un poster des Dolomites grand format sur Photagne. Les plus belles photographies des Dolomites \u00e0 votre disposition !\" \/>\n<meta name=\"robots\" content=\"index, follow, max-snippet:-1, max-image-preview:large, max-video-preview:-1\" \/>\n<link rel=\"canonical\" href=\"https:\/\/www.photagne.com\/it\/poster-delle-dolomiti\/\" \/>\n<meta property=\"og:locale\" content=\"it_IT\" \/>\n<meta property=\"og:type\" content=\"article\" \/>\n<meta property=\"og:title\" content=\"Posters des Dolomites &bull; Photagne &bull; Livraison rapide, paiement s\u00e9curis\u00e9\" \/>\n<meta property=\"og:description\" content=\"Commandez un poster des Dolomites grand format sur Photagne. Les plus belles photographies des Dolomites \u00e0 votre disposition !\" \/>\n<meta property=\"og:url\" content=\"https:\/\/www.photagne.com\/it\/poster-delle-dolomiti\/\" \/>\n<meta property=\"og:site_name\" content=\"Photagne\" \/>\n<meta property=\"article:modified_time\" content=\"2025-05-13T12:59:23+00:00\" \/>\n<meta property=\"og:image\" content=\"https:\/\/www.photagne.com\/wp-content\/uploads\/2025\/01\/IMG_1989.jpg\" \/>\n\t<meta property=\"og:image:width\" content=\"1732\" \/>\n\t<meta property=\"og:image:height\" content=\"1155\" \/>\n\t<meta property=\"og:image:type\" content=\"image\/jpeg\" \/>\n<meta name=\"twitter:card\" content=\"summary_large_image\" \/>\n<meta name=\"twitter:label1\" content=\"Tempo di lettura stimato\" \/>\n\t<meta name=\"twitter:data1\" content=\"4 minuti\" \/>\n<script type=\"application\/ld+json\" class=\"yoast-schema-graph\">{\"@context\":\"https:\/\/schema.org\",\"@graph\":[{\"@type\":\"WebPage\",\"@id\":\"https:\/\/www.photagne.com\/posters-des-dolomites\/\",\"url\":\"https:\/\/www.photagne.com\/posters-des-dolomites\/\",\"name\":\"Posters des Dolomites &bull; Photagne &bull; Livraison rapide, paiement s\u00e9curis\u00e9\",\"isPartOf\":{\"@id\":\"https:\/\/www.photagne.com\/#website\"},\"datePublished\":\"2025-05-12T15:28:06+00:00\",\"dateModified\":\"2025-05-13T12:59:23+00:00\",\"description\":\"Commandez un poster des Dolomites grand format sur Photagne. Les plus belles photographies des Dolomites \u00e0 votre disposition !\",\"breadcrumb\":{\"@id\":\"https:\/\/www.photagne.com\/posters-des-dolomites\/#breadcrumb\"},\"inLanguage\":\"it-IT\",\"potentialAction\":[{\"@type\":\"ReadAction\",\"target\":[\"https:\/\/www.photagne.com\/posters-des-dolomites\/\"]}]},{\"@type\":\"BreadcrumbList\",\"@id\":\"https:\/\/www.photagne.com\/posters-des-dolomites\/#breadcrumb\",\"itemListElement\":[{\"@type\":\"ListItem\",\"position\":1,\"name\":\"Accueil\",\"item\":\"https:\/\/www.photagne.com\/\"},{\"@type\":\"ListItem\",\"position\":2,\"name\":\"Posters des Dolomites\"}]},{\"@type\":\"WebSite\",\"@id\":\"https:\/\/www.photagne.com\/#website\",\"url\":\"https:\/\/www.photagne.com\/\",\"name\":\"Photagne\",\"description\":\"Montagne, mer et paysages... Aussi vrais que nature.\",\"publisher\":{\"@id\":\"https:\/\/www.photagne.com\/#\/schema\/person\/3e571ba91ff94f56525115c261aa9530\"},\"potentialAction\":[{\"@type\":\"SearchAction\",\"target\":{\"@type\":\"EntryPoint\",\"urlTemplate\":\"https:\/\/www.photagne.com\/?s={search_term_string}\"},\"query-input\":\"required name=search_term_string\"}],\"inLanguage\":\"it-IT\"},{\"@type\":[\"Person\",\"Organization\"],\"@id\":\"https:\/\/www.photagne.com\/#\/schema\/person\/3e571ba91ff94f56525115c261aa9530\",\"name\":\"Photagne\",\"image\":{\"@type\":\"ImageObject\",\"inLanguage\":\"it-IT\",\"@id\":\"https:\/\/www.photagne.com\/#\/schema\/person\/image\/\",\"url\":\"https:\/\/www.photagne.com\/wp-content\/uploads\/2021\/01\/P6180874-1-scaled.jpeg\",\"contentUrl\":\"https:\/\/www.photagne.com\/wp-content\/uploads\/2021\/01\/P6180874-1-scaled.jpeg\",\"width\":1920,\"height\":2560,\"caption\":\"Photagne\"},\"logo\":{\"@id\":\"https:\/\/www.photagne.com\/#\/schema\/person\/image\/\"},\"description\":\"J'ai commenc\u00e9 la photographie en 2015 lors d'un voyage \u00e0 Hawaii. Depuis lors, je me consacre \u00e0 la photographie de paysages lors de mes nombreux treks en montagne.\",\"sameAs\":[\"https:\/\/photagne.com\"]}]}<\/script>\n<!-- \/ Yoast SEO plugin. -->","yoast_head_json":{"title":"Posters des Dolomites &bull; Photagne &bull; Livraison rapide, paiement s\u00e9curis\u00e9","description":"Commandez un poster des Dolomites grand format sur Photagne. Les plus belles photographies des Dolomites \u00e0 votre disposition !","robots":{"index":"index","follow":"follow","max-snippet":"max-snippet:-1","max-image-preview":"max-image-preview:large","max-video-preview":"max-video-preview:-1"},"canonical":"https:\/\/www.photagne.com\/it\/poster-delle-dolomiti\/","og_locale":"it_IT","og_type":"article","og_title":"Posters des Dolomites &bull; Photagne &bull; Livraison rapide, paiement s\u00e9curis\u00e9","og_description":"Commandez un poster des Dolomites grand format sur Photagne. Les plus belles photographies des Dolomites \u00e0 votre disposition !","og_url":"https:\/\/www.photagne.com\/it\/poster-delle-dolomiti\/","og_site_name":"Photagne","article_modified_time":"2025-05-13T12:59:23+00:00","og_image":[{"width":1732,"height":1155,"url":"https:\/\/www.photagne.com\/wp-content\/uploads\/2025\/01\/IMG_1989.jpg","type":"image\/jpeg"}],"twitter_card":"summary_large_image","twitter_misc":{"Tempo di lettura stimato":"4 minuti"},"schema":{"@context":"https:\/\/schema.org","@graph":[{"@type":"WebPage","@id":"https:\/\/www.photagne.com\/posters-des-dolomites\/","url":"https:\/\/www.photagne.com\/posters-des-dolomites\/","name":"Posters des Dolomites &bull; Photagne &bull; Livraison rapide, paiement s\u00e9curis\u00e9","isPartOf":{"@id":"https:\/\/www.photagne.com\/#website"},"datePublished":"2025-05-12T15:28:06+00:00","dateModified":"2025-05-13T12:59:23+00:00","description":"Commandez un poster des Dolomites grand format sur Photagne. Les plus belles photographies des Dolomites \u00e0 votre disposition !","breadcrumb":{"@id":"https:\/\/www.photagne.com\/posters-des-dolomites\/#breadcrumb"},"inLanguage":"it-IT","potentialAction":[{"@type":"ReadAction","target":["https:\/\/www.photagne.com\/posters-des-dolomites\/"]}]},{"@type":"BreadcrumbList","@id":"https:\/\/www.photagne.com\/posters-des-dolomites\/#breadcrumb","itemListElement":[{"@type":"ListItem","position":1,"name":"Accueil","item":"https:\/\/www.photagne.com\/"},{"@type":"ListItem","position":2,"name":"Posters des Dolomites"}]},{"@type":"WebSite","@id":"https:\/\/www.photagne.com\/#website","url":"https:\/\/www.photagne.com\/","name":"Photagne","description":"Montagne, mer et paysages... Aussi vrais que nature.","publisher":{"@id":"https:\/\/www.photagne.com\/#\/schema\/person\/3e571ba91ff94f56525115c261aa9530"},"potentialAction":[{"@type":"SearchAction","target":{"@type":"EntryPoint","urlTemplate":"https:\/\/www.photagne.com\/?s={search_term_string}"},"query-input":"required name=search_term_string"}],"inLanguage":"it-IT"},{"@type":["Person","Organization"],"@id":"https:\/\/www.photagne.com\/#\/schema\/person\/3e571ba91ff94f56525115c261aa9530","name":"Photagne","image":{"@type":"ImageObject","inLanguage":"it-IT","@id":"https:\/\/www.photagne.com\/#\/schema\/person\/image\/","url":"https:\/\/www.photagne.com\/wp-content\/uploads\/2021\/01\/P6180874-1-scaled.jpeg","contentUrl":"https:\/\/www.photagne.com\/wp-content\/uploads\/2021\/01\/P6180874-1-scaled.jpeg","width":1920,"height":2560,"caption":"Photagne"},"logo":{"@id":"https:\/\/www.photagne.com\/#\/schema\/person\/image\/"},"description":"J'ai commenc\u00e9 la photographie en 2015 lors d'un voyage \u00e0 Hawaii. Depuis lors, je me consacre \u00e0 la photographie de paysages lors de mes nombreux treks en montagne.","sameAs":["https:\/\/photagne.com"]}]}},"jetpack_shortlink":"https:\/\/wp.me\/PcIq5x-q4W","jetpack_sharing_enabled":true,"jetpack_likes_enabled":true,"_links":{"self":[{"href":"https:\/\/www.photagne.com\/it\/wp-json\/wp\/v2\/pages\/100250","targetHints":{"allow":["GET"]}}],"collection":[{"href":"https:\/\/www.photagne.com\/it\/wp-json\/wp\/v2\/pages"}],"about":[{"href":"https:\/\/www.photagne.com\/it\/wp-json\/wp\/v2\/types\/page"}],"author":[{"embeddable":true,"href":"https:\/\/www.photagne.com\/it\/wp-json\/wp\/v2\/users\/1"}],"replies":[{"embeddable":true,"href":"https:\/\/www.photagne.com\/it\/wp-json\/wp\/v2\/comments?post=100250"}],"version-history":[{"count":7,"href":"https:\/\/www.photagne.com\/it\/wp-json\/wp\/v2\/pages\/100250\/revisions"}],"predecessor-version":[{"id":100273,"href":"https:\/\/www.photagne.com\/it\/wp-json\/wp\/v2\/pages\/100250\/revisions\/100273"}],"wp:featuredmedia":[{"embeddable":true,"href":"https:\/\/www.photagne.com\/it\/wp-json\/wp\/v2\/media\/99350"}],"wp:attachment":[{"href":"https:\/\/www.photagne.com\/it\/wp-json\/wp\/v2\/media?parent=100250"}],"curies":[{"name":"wp","href":"https:\/\/api.w.org\/{rel}","templated":true}]}}