{"id":22,"date":"2020-12-27T15:58:30","date_gmt":"2020-12-27T14:58:30","guid":{"rendered":"http:\/\/164.68.124.179\/mon-compte\/"},"modified":"2021-02-02T09:36:56","modified_gmt":"2021-02-02T08:36:56","slug":"mon-compte","status":"publish","type":"page","link":"https:\/\/www.photagne.com\/it\/il-mio-conto\/","title":{"rendered":"Il mio conto"},"content":{"rendered":"<div class=\"woocommerce\"><\/div>","protected":false},"excerpt":{"rendered":"","protected":false},"author":1,"featured_media":0,"parent":0,"menu_order":0,"comment_status":"closed","ping_status":"closed","template":"","meta":{"_mi_skip_tracking":false,"_monsterinsights_sitenote_active":false,"_monsterinsights_sitenote_note":"","_monsterinsights_sitenote_category":0,"jetpack_post_was_ever_published":false,"footnotes":""},"class_list":["post-22","page","type-page","status-publish","hentry"],"acf":[],"yoast_head":"<!-- This site is optimized with the Yoast SEO plugin v20.12 - https:\/\/yoast.com\/wordpress\/plugins\/seo\/ -->\n<title>Mon compte &bull; Photagne<\/title>\n<meta name=\"description\" content=\"Compte personnel d&#039;utilisateur sur le site www.photagne.com\" \/>\n<meta name=\"robots\" content=\"noindex, follow\" \/>\n<meta property=\"og:locale\" content=\"it_IT\" \/>\n<meta property=\"og:type\" content=\"article\" \/>\n<meta property=\"og:title\" content=\"Mon compte &bull; Photagne\" \/>\n<meta property=\"og:description\" content=\"Compte personnel d&#039;utilisateur sur le site www.photagne.com\" \/>\n<meta property=\"og:url\" content=\"https:\/\/www.photagne.com\/it\/il-mio-conto\/\" \/>\n<meta property=\"og:site_name\" content=\"Photagne\" \/>\n<meta property=\"article:modified_time\" content=\"2021-02-02T08:36:56+00:00\" \/>\n<meta name=\"twitter:card\" content=\"summary_large_image\" \/>\n<meta name=\"twitter:label1\" content=\"Tempo di lettura stimato\" \/>\n\t<meta name=\"twitter:data1\" content=\"1 minuto\" \/>\n<script type=\"application\/ld+json\" class=\"yoast-schema-graph\">{\"@context\":\"https:\/\/schema.org\",\"@graph\":[{\"@type\":\"WebPage\",\"@id\":\"https:\/\/www.photagne.com\/mon-compte\/\",\"url\":\"https:\/\/www.photagne.com\/mon-compte\/\",\"name\":\"Mon compte &bull; Photagne\",\"isPartOf\":{\"@id\":\"https:\/\/www.photagne.com\/#website\"},\"datePublished\":\"2020-12-27T14:58:30+00:00\",\"dateModified\":\"2021-02-02T08:36:56+00:00\",\"description\":\"Compte personnel d'utilisateur sur le site www.photagne.com\",\"breadcrumb\":{\"@id\":\"https:\/\/www.photagne.com\/mon-compte\/#breadcrumb\"},\"inLanguage\":\"it-IT\",\"potentialAction\":[{\"@type\":\"ReadAction\",\"target\":[\"https:\/\/www.photagne.com\/mon-compte\/\"]}]},{\"@type\":\"BreadcrumbList\",\"@id\":\"https:\/\/www.photagne.com\/mon-compte\/#breadcrumb\",\"itemListElement\":[{\"@type\":\"ListItem\",\"position\":1,\"name\":\"Accueil\",\"item\":\"https:\/\/www.photagne.com\/\"},{\"@type\":\"ListItem\",\"position\":2,\"name\":\"Mon compte\"}]},{\"@type\":\"WebSite\",\"@id\":\"https:\/\/www.photagne.com\/#website\",\"url\":\"https:\/\/www.photagne.com\/\",\"name\":\"Photagne\",\"description\":\"Montagne, mer et paysages... Aussi vrais que nature.\",\"publisher\":{\"@id\":\"https:\/\/www.photagne.com\/#\/schema\/person\/3e571ba91ff94f56525115c261aa9530\"},\"potentialAction\":[{\"@type\":\"SearchAction\",\"target\":{\"@type\":\"EntryPoint\",\"urlTemplate\":\"https:\/\/www.photagne.com\/?s={search_term_string}\"},\"query-input\":\"required name=search_term_string\"}],\"inLanguage\":\"it-IT\"},{\"@type\":[\"Person\",\"Organization\"],\"@id\":\"https:\/\/www.photagne.com\/#\/schema\/person\/3e571ba91ff94f56525115c261aa9530\",\"name\":\"Photagne\",\"image\":{\"@type\":\"ImageObject\",\"inLanguage\":\"it-IT\",\"@id\":\"https:\/\/www.photagne.com\/#\/schema\/person\/image\/\",\"url\":\"https:\/\/www.photagne.com\/wp-content\/uploads\/2021\/01\/P6180874-1-scaled.jpeg\",\"contentUrl\":\"https:\/\/www.photagne.com\/wp-content\/uploads\/2021\/01\/P6180874-1-scaled.jpeg\",\"width\":1920,\"height\":2560,\"caption\":\"Photagne\"},\"logo\":{\"@id\":\"https:\/\/www.photagne.com\/#\/schema\/person\/image\/\"},\"description\":\"J'ai commenc\u00e9 la photographie en 2015 lors d'un voyage \u00e0 Hawaii. Depuis lors, je me consacre \u00e0 la photographie de paysages lors de mes nombreux treks en montagne.\",\"sameAs\":[\"https:\/\/photagne.com\"]}]}<\/script>\n<!-- \/ Yoast SEO plugin. -->","yoast_head_json":{"title":"Mon compte &bull; Photagne","description":"Compte personnel d'utilisateur sur le site www.photagne.com","robots":{"index":"noindex","follow":"follow"},"og_locale":"it_IT","og_type":"article","og_title":"Mon compte &bull; Photagne","og_description":"Compte personnel d'utilisateur sur le site www.photagne.com","og_url":"https:\/\/www.photagne.com\/it\/il-mio-conto\/","og_site_name":"Photagne","article_modified_time":"2021-02-02T08:36:56+00:00","twitter_card":"summary_large_image","twitter_misc":{"Tempo di lettura stimato":"1 minuto"},"schema":{"@context":"https:\/\/schema.org","@graph":[{"@type":"WebPage","@id":"https:\/\/www.photagne.com\/mon-compte\/","url":"https:\/\/www.photagne.com\/mon-compte\/","name":"Mon compte &bull; Photagne","isPartOf":{"@id":"https:\/\/www.photagne.com\/#website"},"datePublished":"2020-12-27T14:58:30+00:00","dateModified":"2021-02-02T08:36:56+00:00","description":"Compte personnel d'utilisateur sur le site www.photagne.com","breadcrumb":{"@id":"https:\/\/www.photagne.com\/mon-compte\/#breadcrumb"},"inLanguage":"it-IT","potentialAction":[{"@type":"ReadAction","target":["https:\/\/www.photagne.com\/mon-compte\/"]}]},{"@type":"BreadcrumbList","@id":"https:\/\/www.photagne.com\/mon-compte\/#breadcrumb","itemListElement":[{"@type":"ListItem","position":1,"name":"Accueil","item":"https:\/\/www.photagne.com\/"},{"@type":"ListItem","position":2,"name":"Mon compte"}]},{"@type":"WebSite","@id":"https:\/\/www.photagne.com\/#website","url":"https:\/\/www.photagne.com\/","name":"Photagne","description":"Montagne, mer et paysages... Aussi vrais que nature.","publisher":{"@id":"https:\/\/www.photagne.com\/#\/schema\/person\/3e571ba91ff94f56525115c261aa9530"},"potentialAction":[{"@type":"SearchAction","target":{"@type":"EntryPoint","urlTemplate":"https:\/\/www.photagne.com\/?s={search_term_string}"},"query-input":"required name=search_term_string"}],"inLanguage":"it-IT"},{"@type":["Person","Organization"],"@id":"https:\/\/www.photagne.com\/#\/schema\/person\/3e571ba91ff94f56525115c261aa9530","name":"Photagne","image":{"@type":"ImageObject","inLanguage":"it-IT","@id":"https:\/\/www.photagne.com\/#\/schema\/person\/image\/","url":"https:\/\/www.photagne.com\/wp-content\/uploads\/2021\/01\/P6180874-1-scaled.jpeg","contentUrl":"https:\/\/www.photagne.com\/wp-content\/uploads\/2021\/01\/P6180874-1-scaled.jpeg","width":1920,"height":2560,"caption":"Photagne"},"logo":{"@id":"https:\/\/www.photagne.com\/#\/schema\/person\/image\/"},"description":"J'ai commenc\u00e9 la photographie en 2015 lors d'un voyage \u00e0 Hawaii. Depuis lors, je me consacre \u00e0 la photographie de paysages lors de mes nombreux treks en montagne.","sameAs":["https:\/\/photagne.com"]}]}},"jetpack_shortlink":"https:\/\/wp.me\/PcIq5x-m","jetpack_sharing_enabled":true,"jetpack_likes_enabled":true,"_links":{"self":[{"href":"https:\/\/www.photagne.com\/it\/wp-json\/wp\/v2\/pages\/22","targetHints":{"allow":["GET"]}}],"collection":[{"href":"https:\/\/www.photagne.com\/it\/wp-json\/wp\/v2\/pages"}],"about":[{"href":"https:\/\/www.photagne.com\/it\/wp-json\/wp\/v2\/types\/page"}],"author":[{"embeddable":true,"href":"https:\/\/www.photagne.com\/it\/wp-json\/wp\/v2\/users\/1"}],"replies":[{"embeddable":true,"href":"https:\/\/www.photagne.com\/it\/wp-json\/wp\/v2\/comments?post=22"}],"version-history":[{"count":0,"href":"https:\/\/www.photagne.com\/it\/wp-json\/wp\/v2\/pages\/22\/revisions"}],"wp:attachment":[{"href":"https:\/\/www.photagne.com\/it\/wp-json\/wp\/v2\/media?parent=22"}],"curies":[{"name":"wp","href":"https:\/\/api.w.org\/{rel}","templated":true}]}}