{"id":3382,"date":"2021-02-22T22:09:16","date_gmt":"2021-02-22T21:09:16","guid":{"rendered":"https:\/\/www.photagne.com\/?page_id=3382"},"modified":"2021-02-22T22:09:19","modified_gmt":"2021-02-22T21:09:19","slug":"photographies-du-massif-central","status":"publish","type":"page","link":"https:\/\/www.photagne.com\/it\/fotografie-del-massiccio-centrale\/","title":{"rendered":"Fotografie del Massiccio Centrale"},"content":{"rendered":"<div id=\"my-ajax-filter-search\">\n        <form action=\"\" method=\"get\" class=\"myForm\" name=\"myForm\" id=\"myForm\" data-trp-original-action=\"\">\n            <input type=\"hidden\" id=\"categorie\" name=\"categorie\" value=\"Massif Central\">\n            <input type=\"text\" name=\"search\" id=\"mySearch\" value=\"\" placeholder=\"Cercare\">\n            <div class=\"selectdiv\">\n                    <label for=\"saison\"><\/label>\n                    <select name=\"saison\" id=\"saison\">\n                        <option value=\"\" selected>Tutte le stagioni<\/option>\n                                                                                    <option value=\"Printemps\">Primavera<\/option>\n                                                            <option value=\"\u00c9t\u00e9\">Estate<\/option>\n                                                            <option value=\"Automne\">Autunno<\/option>\n                                                            <option value=\"Hiver\">Inverno<\/option>\n                                                                        <\/select>\n            <\/div>\n                \n            <button type=\"submit\" id=\"mySubmit\" name=\"mySubmit\" class=\"btn btn-primary\"><i class=\"obfx-menu-icon fa fa-search\" style=\"margin-right: 0.5em;\"><\/i>Filtro<\/button>\n        <input type=\"hidden\" name=\"trp-form-language\" value=\"it\"\/><\/form>\n        <div id=\"ajax_filter_search_results\"><div class=\"wp-block-image myimageblock\" style=\"\">\n                                <figure style=\"max-width:90%;\" class=\"alignleft size-full\">\n                                    <a href=\"https:\/\/www.photagne.com\/wp-content\/uploads\/2021\/02\/IMG_7716.jpg\" data-lbwps-width=\"1732\" data-lbwps-height=\"1155\" data-lbwps-caption=\"Descente sur Saint-\u00c9tienne au milieu des ajoncs\" data-lbwps-product=\"descente-sur-saint-etienne-au-milieu-des-ajoncs\" data-lbwps-itineraire=\"https:\/\/www.photagne.com\/it\/traversata-del-pilat-in-due-giorni-sul-gr7-gr42\/\"><img decoding=\"async\" width=\"1732\" height=\"1155\" src=\"https:\/\/www.photagne.com\/wp-content\/uploads\/2021\/02\/IMG_7716.jpg\" class=\"attachment-full size-full photagne-img\" alt=\"Discesa a Saint-\u00c9tienne tra le ginestre\" srcset=\"https:\/\/www.photagne.com\/wp-content\/uploads\/2021\/02\/IMG_7716.jpg 1732w, https:\/\/www.photagne.com\/wp-content\/uploads\/2021\/02\/IMG_7716-300x200.jpg 300w, https:\/\/www.photagne.com\/wp-content\/uploads\/2021\/02\/IMG_7716-1024x683.jpg 1024w, https:\/\/www.photagne.com\/wp-content\/uploads\/2021\/02\/IMG_7716-768x512.jpg 768w, https:\/\/www.photagne.com\/wp-content\/uploads\/2021\/02\/IMG_7716-1536x1024.jpg 1536w, https:\/\/www.photagne.com\/wp-content\/uploads\/2021\/02\/IMG_7716-18x12.jpg 18w, https:\/\/www.photagne.com\/wp-content\/uploads\/2021\/02\/IMG_7716-360x240.jpg 360w, https:\/\/www.photagne.com\/wp-content\/uploads\/2021\/02\/IMG_7716-230x153.jpg 230w, https:\/\/www.photagne.com\/wp-content\/uploads\/2021\/02\/IMG_7716-600x400.jpg 600w\" sizes=\"auto, (max-width: 1732px) 100vw, 1732px\"  loading=\"lazy\" \/><\/a>\n                                    <figcaption style=\"text-align: center; width: 100%; float: none;\">Discesa a Saint-\u00c9tienne tra le ginestre<\/figcaption>\n                                <\/figure>\n                                <button class=\"btn btn-primary\" style=\"margin-top: 0;\" type=\"button\" onclick=\"window.location.href='https:\/\/www.photagne.com\/it\/prodotto\/poster-tela-o-dipinto-discesa-a-saint-etienne-in-mezzo-alle-gorze-deco-murale\/';\">\n                                    <i class=\"obfx-menu-icon fa fa-cart-plus\" style=\"margin-right: 0.5em;\"><\/i>\n                                    ordinare\n                                <\/button>\n                            <\/div><div class=\"wp-block-image myimageblock\" style=\"flex-direction: row-reverse;\">\n                                <figure style=\"max-width:90%;\" class=\"alignright size-full\">\n                                    <a href=\"https:\/\/www.photagne.com\/wp-content\/uploads\/2021\/03\/IMG_8879.jpg\" data-lbwps-width=\"1732\" data-lbwps-height=\"1155\" data-lbwps-caption=\"Vue depuis Ouroux-en-Morvan\" data-lbwps-product=\"vue-depuis-ouroux-en-morvan\" data-lbwps-itineraire=\"https:\/\/www.photagne.com\/it\/attraversamento-del-morvan-in-tre-giorni-di-bivacco\/\"><img decoding=\"async\" width=\"1732\" height=\"1155\" src=\"https:\/\/www.photagne.com\/wp-content\/uploads\/2021\/03\/IMG_8879.jpg\" class=\"attachment-full size-full photagne-img\" alt=\"Vista da Ouroux-en-Morvan\" srcset=\"https:\/\/www.photagne.com\/wp-content\/uploads\/2021\/03\/IMG_8879.jpg 1732w, https:\/\/www.photagne.com\/wp-content\/uploads\/2021\/03\/IMG_8879-300x200.jpg 300w, https:\/\/www.photagne.com\/wp-content\/uploads\/2021\/03\/IMG_8879-1024x683.jpg 1024w, https:\/\/www.photagne.com\/wp-content\/uploads\/2021\/03\/IMG_8879-768x512.jpg 768w, https:\/\/www.photagne.com\/wp-content\/uploads\/2021\/03\/IMG_8879-1536x1024.jpg 1536w, https:\/\/www.photagne.com\/wp-content\/uploads\/2021\/03\/IMG_8879-18x12.jpg 18w, https:\/\/www.photagne.com\/wp-content\/uploads\/2021\/03\/IMG_8879-360x240.jpg 360w, https:\/\/www.photagne.com\/wp-content\/uploads\/2021\/03\/IMG_8879-230x153.jpg 230w, https:\/\/www.photagne.com\/wp-content\/uploads\/2021\/03\/IMG_8879-600x400.jpg 600w\" sizes=\"auto, (max-width: 1732px) 100vw, 1732px\"  loading=\"lazy\" \/><\/a>\n                                    <figcaption style=\"text-align: center; width: 100%; float: none;\">Vista da Ouroux-en-Morvan<\/figcaption>\n                                <\/figure>\n                                <button class=\"btn btn-primary\" style=\"margin-top: 0;\" type=\"button\" onclick=\"window.location.href='https:\/\/www.photagne.com\/it\/prodotto\/poster-tela-o-dipinto-vista-da-ouroux-en-morvan-deco-murale\/';\">\n                                    <i class=\"obfx-menu-icon fa fa-cart-plus\" style=\"margin-right: 0.5em;\"><\/i>\n                                    ordinare\n                                <\/button>\n                            <\/div><div class=\"wp-block-image myimageblock\" style=\"\">\n                                <figure style=\"max-width:90%;\" class=\"alignleft size-full\">\n                                    <a href=\"https:\/\/www.photagne.com\/wp-content\/uploads\/2021\/02\/IMG_7664.jpg\" data-lbwps-width=\"1731\" data-lbwps-height=\"1154\" data-lbwps-caption=\"Vue depuis le cr\u00eat de la Perdrix le soir\" data-lbwps-product=\"\" data-lbwps-itineraire=\"https:\/\/www.photagne.com\/it\/traversata-del-pilat-in-due-giorni-sul-gr7-gr42\/\"><img decoding=\"async\" width=\"1731\" height=\"1154\" src=\"https:\/\/www.photagne.com\/wp-content\/uploads\/2021\/02\/IMG_7664.jpg\" class=\"attachment-full size-full photagne-img\" alt=\"Vista serale dalla Cr\u00eat de la Perdrix, sulla traversata del Pilat\" srcset=\"https:\/\/www.photagne.com\/wp-content\/uploads\/2021\/02\/IMG_7664.jpg 1731w, https:\/\/www.photagne.com\/wp-content\/uploads\/2021\/02\/IMG_7664-300x200.jpg 300w, https:\/\/www.photagne.com\/wp-content\/uploads\/2021\/02\/IMG_7664-1024x683.jpg 1024w, https:\/\/www.photagne.com\/wp-content\/uploads\/2021\/02\/IMG_7664-768x512.jpg 768w, https:\/\/www.photagne.com\/wp-content\/uploads\/2021\/02\/IMG_7664-1536x1024.jpg 1536w, https:\/\/www.photagne.com\/wp-content\/uploads\/2021\/02\/IMG_7664-18x12.jpg 18w, https:\/\/www.photagne.com\/wp-content\/uploads\/2021\/02\/IMG_7664-360x240.jpg 360w, https:\/\/www.photagne.com\/wp-content\/uploads\/2021\/02\/IMG_7664-230x153.jpg 230w, https:\/\/www.photagne.com\/wp-content\/uploads\/2021\/02\/IMG_7664-600x400.jpg 600w\" sizes=\"auto, (max-width: 1731px) 100vw, 1731px\"  loading=\"lazy\" \/><\/a>\n                                    <figcaption style=\"text-align: center; width: 100%; float: none;\">Vista serale dalla Cr\u00eat de la Perdrix<\/figcaption>\n                                <\/figure>\n                                <button class=\"btn btn-primary\" style=\"margin-top: 0;visibility: hidden;\" type=\"button\" onclick=\"window.location.href='https:\/\/www.photagne.com';\">\n                                    <i class=\"obfx-menu-icon fa fa-cart-plus\" style=\"margin-right: 0.5em;\"><\/i>\n                                    ordinare\n                                <\/button>\n                            <\/div><div class=\"wp-block-image myimageblock\" style=\"flex-direction: row-reverse;\">\n                                <figure style=\"max-width:90%;\" class=\"alignright size-full\">\n                                    <a href=\"https:\/\/www.photagne.com\/wp-content\/uploads\/2021\/03\/IMG_9129.jpg\" data-lbwps-width=\"1732\" data-lbwps-height=\"1155\" data-lbwps-caption=\"\u00c9pilobes en Ard\u00e8che\" data-lbwps-product=\"epilobes-en-ardeche\" data-lbwps-itineraire=\"\"><img decoding=\"async\" width=\"1732\" height=\"1155\" src=\"https:\/\/www.photagne.com\/wp-content\/uploads\/2021\/03\/IMG_9129.jpg\" class=\"attachment-full size-full photagne-img\" alt=\"Salici in Ard\u00e8che\" srcset=\"https:\/\/www.photagne.com\/wp-content\/uploads\/2021\/03\/IMG_9129.jpg 1732w, https:\/\/www.photagne.com\/wp-content\/uploads\/2021\/03\/IMG_9129-300x200.jpg 300w, https:\/\/www.photagne.com\/wp-content\/uploads\/2021\/03\/IMG_9129-1024x683.jpg 1024w, https:\/\/www.photagne.com\/wp-content\/uploads\/2021\/03\/IMG_9129-768x512.jpg 768w, https:\/\/www.photagne.com\/wp-content\/uploads\/2021\/03\/IMG_9129-1536x1024.jpg 1536w, https:\/\/www.photagne.com\/wp-content\/uploads\/2021\/03\/IMG_9129-18x12.jpg 18w, https:\/\/www.photagne.com\/wp-content\/uploads\/2021\/03\/IMG_9129-360x240.jpg 360w, https:\/\/www.photagne.com\/wp-content\/uploads\/2021\/03\/IMG_9129-230x153.jpg 230w, https:\/\/www.photagne.com\/wp-content\/uploads\/2021\/03\/IMG_9129-600x400.jpg 600w\" sizes=\"auto, (max-width: 1732px) 100vw, 1732px\"  loading=\"lazy\" \/><\/a>\n                                    <figcaption style=\"text-align: center; width: 100%; float: none;\">Salici in Ard\u00e8che<\/figcaption>\n                                <\/figure>\n                                <button class=\"btn btn-primary\" style=\"margin-top: 0;\" type=\"button\" onclick=\"window.location.href='https:\/\/www.photagne.com\/it\/prodotto\/poster-tela-o-quadro-epilobi-in-ardeche-deco-murale\/';\">\n                                    <i class=\"obfx-menu-icon fa fa-cart-plus\" style=\"margin-right: 0.5em;\"><\/i>\n                                    ordinare\n                                <\/button>\n                            <\/div><div class=\"wp-block-image myimageblock\" style=\"\">\n                                <figure style=\"max-width:90%;\" class=\"alignleft size-full\">\n                                    <a href=\"https:\/\/www.photagne.com\/wp-content\/uploads\/2021\/03\/IMG_8911.jpg\" data-lbwps-width=\"1732\" data-lbwps-height=\"1155\" data-lbwps-caption=\"De sympathiques hameaux au milieu des prairies\" data-lbwps-product=\"de-sympathiques-hameaux-au-milieu-des-prairies\" data-lbwps-itineraire=\"https:\/\/www.photagne.com\/it\/attraversamento-del-morvan-in-tre-giorni-di-bivacco\/\"><img decoding=\"async\" width=\"1732\" height=\"1155\" src=\"https:\/\/www.photagne.com\/wp-content\/uploads\/2021\/03\/IMG_8911.jpg\" class=\"attachment-full size-full photagne-img\" alt=\"Frazioni amichevoli in mezzo ai prati\" srcset=\"https:\/\/www.photagne.com\/wp-content\/uploads\/2021\/03\/IMG_8911.jpg 1732w, https:\/\/www.photagne.com\/wp-content\/uploads\/2021\/03\/IMG_8911-300x200.jpg 300w, https:\/\/www.photagne.com\/wp-content\/uploads\/2021\/03\/IMG_8911-1024x683.jpg 1024w, https:\/\/www.photagne.com\/wp-content\/uploads\/2021\/03\/IMG_8911-768x512.jpg 768w, https:\/\/www.photagne.com\/wp-content\/uploads\/2021\/03\/IMG_8911-1536x1024.jpg 1536w, https:\/\/www.photagne.com\/wp-content\/uploads\/2021\/03\/IMG_8911-18x12.jpg 18w, https:\/\/www.photagne.com\/wp-content\/uploads\/2021\/03\/IMG_8911-360x240.jpg 360w, https:\/\/www.photagne.com\/wp-content\/uploads\/2021\/03\/IMG_8911-230x153.jpg 230w, https:\/\/www.photagne.com\/wp-content\/uploads\/2021\/03\/IMG_8911-600x400.jpg 600w\" sizes=\"auto, (max-width: 1732px) 100vw, 1732px\"  loading=\"lazy\" \/><\/a>\n                                    <figcaption style=\"text-align: center; width: 100%; float: none;\">Frazioni amichevoli in mezzo ai prati<\/figcaption>\n                                <\/figure>\n                                <button class=\"btn btn-primary\" style=\"margin-top: 0;\" type=\"button\" onclick=\"window.location.href='https:\/\/www.photagne.com\/it\/prodotto\/poster-tela-o-dipinto-di-simpatici-borghi-in-mezzo-ai-prati-deco-murale\/';\">\n                                    <i class=\"obfx-menu-icon fa fa-cart-plus\" style=\"margin-right: 0.5em;\"><\/i>\n                                    ordinare\n                                <\/button>\n                            <\/div><\/div>\n    <\/div>","protected":false},"excerpt":{"rendered":"","protected":false},"author":1,"featured_media":3319,"parent":0,"menu_order":0,"comment_status":"closed","ping_status":"closed","template":"","meta":{"_mi_skip_tracking":false,"_monsterinsights_sitenote_active":false,"_monsterinsights_sitenote_note":"","_monsterinsights_sitenote_category":0,"jetpack_post_was_ever_published":false,"footnotes":""},"class_list":["post-3382","page","type-page","status-publish","has-post-thumbnail","hentry"],"acf":[],"yoast_head":"<!-- This site is optimized with the Yoast SEO plugin v20.12 - https:\/\/yoast.com\/wordpress\/plugins\/seo\/ -->\n<title>Photographies du Massif Central &bull; Photagne<\/title>\n<meta name=\"description\" content=\"Toutes les photographies du Massif Central du site Photagne : Pilat, cha\u00eene des Puys... Trouvez la perle des photos de montagne !\" \/>\n<meta name=\"robots\" content=\"index, follow, max-snippet:-1, max-image-preview:large, max-video-preview:-1\" \/>\n<link rel=\"canonical\" href=\"https:\/\/www.photagne.com\/it\/fotografie-del-massiccio-centrale\/\" \/>\n<meta property=\"og:locale\" content=\"it_IT\" \/>\n<meta property=\"og:type\" content=\"article\" \/>\n<meta property=\"og:title\" content=\"Photographies du Massif Central &bull; Photagne\" \/>\n<meta property=\"og:description\" content=\"Toutes les photographies du Massif Central du site Photagne : Pilat, cha\u00eene des Puys... Trouvez la perle des photos de montagne !\" \/>\n<meta property=\"og:url\" content=\"https:\/\/www.photagne.com\/it\/fotografie-del-massiccio-centrale\/\" \/>\n<meta property=\"og:site_name\" content=\"Photagne\" \/>\n<meta property=\"article:modified_time\" content=\"2021-02-22T21:09:19+00:00\" \/>\n<meta property=\"og:image\" content=\"https:\/\/i0.wp.com\/www.photagne.com\/wp-content\/uploads\/2021\/02\/IMG_7716.jpg?fit=1732%2C1155&ssl=1\" \/>\n\t<meta property=\"og:image:width\" content=\"1732\" \/>\n\t<meta property=\"og:image:height\" content=\"1155\" \/>\n\t<meta property=\"og:image:type\" content=\"image\/jpeg\" \/>\n<meta name=\"twitter:card\" content=\"summary_large_image\" \/>\n<meta name=\"twitter:label1\" content=\"Tempo di lettura stimato\" \/>\n\t<meta name=\"twitter:data1\" content=\"1 minuto\" \/>\n<script type=\"application\/ld+json\" class=\"yoast-schema-graph\">{\"@context\":\"https:\/\/schema.org\",\"@graph\":[{\"@type\":\"WebPage\",\"@id\":\"https:\/\/www.photagne.com\/photographies-du-massif-central\/\",\"url\":\"https:\/\/www.photagne.com\/photographies-du-massif-central\/\",\"name\":\"Photographies du Massif Central &bull; Photagne\",\"isPartOf\":{\"@id\":\"https:\/\/www.photagne.com\/#website\"},\"datePublished\":\"2021-02-22T21:09:16+00:00\",\"dateModified\":\"2021-02-22T21:09:19+00:00\",\"description\":\"Toutes les photographies du Massif Central du site Photagne : Pilat, cha\u00eene des Puys... Trouvez la perle des photos de montagne !\",\"breadcrumb\":{\"@id\":\"https:\/\/www.photagne.com\/photographies-du-massif-central\/#breadcrumb\"},\"inLanguage\":\"it-IT\",\"potentialAction\":[{\"@type\":\"ReadAction\",\"target\":[\"https:\/\/www.photagne.com\/photographies-du-massif-central\/\"]}]},{\"@type\":\"BreadcrumbList\",\"@id\":\"https:\/\/www.photagne.com\/photographies-du-massif-central\/#breadcrumb\",\"itemListElement\":[{\"@type\":\"ListItem\",\"position\":1,\"name\":\"Accueil\",\"item\":\"https:\/\/www.photagne.com\/\"},{\"@type\":\"ListItem\",\"position\":2,\"name\":\"Photographies du Massif Central\"}]},{\"@type\":\"WebSite\",\"@id\":\"https:\/\/www.photagne.com\/#website\",\"url\":\"https:\/\/www.photagne.com\/\",\"name\":\"Photagne\",\"description\":\"Montagne, mer et paysages... Aussi vrais que nature.\",\"publisher\":{\"@id\":\"https:\/\/www.photagne.com\/#\/schema\/person\/3e571ba91ff94f56525115c261aa9530\"},\"potentialAction\":[{\"@type\":\"SearchAction\",\"target\":{\"@type\":\"EntryPoint\",\"urlTemplate\":\"https:\/\/www.photagne.com\/?s={search_term_string}\"},\"query-input\":\"required name=search_term_string\"}],\"inLanguage\":\"it-IT\"},{\"@type\":[\"Person\",\"Organization\"],\"@id\":\"https:\/\/www.photagne.com\/#\/schema\/person\/3e571ba91ff94f56525115c261aa9530\",\"name\":\"Photagne\",\"image\":{\"@type\":\"ImageObject\",\"inLanguage\":\"it-IT\",\"@id\":\"https:\/\/www.photagne.com\/#\/schema\/person\/image\/\",\"url\":\"https:\/\/www.photagne.com\/wp-content\/uploads\/2021\/01\/P6180874-1-scaled.jpeg\",\"contentUrl\":\"https:\/\/www.photagne.com\/wp-content\/uploads\/2021\/01\/P6180874-1-scaled.jpeg\",\"width\":1920,\"height\":2560,\"caption\":\"Photagne\"},\"logo\":{\"@id\":\"https:\/\/www.photagne.com\/#\/schema\/person\/image\/\"},\"description\":\"J'ai commenc\u00e9 la photographie en 2015 lors d'un voyage \u00e0 Hawaii. Depuis lors, je me consacre \u00e0 la photographie de paysages lors de mes nombreux treks en montagne.\",\"sameAs\":[\"https:\/\/photagne.com\"]}]}<\/script>\n<!-- \/ Yoast SEO plugin. -->","yoast_head_json":{"title":"Photographies du Massif Central &bull; Photagne","description":"Toutes les photographies du Massif Central du site Photagne : Pilat, cha\u00eene des Puys... Trouvez la perle des photos de montagne !","robots":{"index":"index","follow":"follow","max-snippet":"max-snippet:-1","max-image-preview":"max-image-preview:large","max-video-preview":"max-video-preview:-1"},"canonical":"https:\/\/www.photagne.com\/it\/fotografie-del-massiccio-centrale\/","og_locale":"it_IT","og_type":"article","og_title":"Photographies du Massif Central &bull; Photagne","og_description":"Toutes les photographies du Massif Central du site Photagne : Pilat, cha\u00eene des Puys... Trouvez la perle des photos de montagne !","og_url":"https:\/\/www.photagne.com\/it\/fotografie-del-massiccio-centrale\/","og_site_name":"Photagne","article_modified_time":"2021-02-22T21:09:19+00:00","og_image":[{"width":1732,"height":1155,"url":"https:\/\/i0.wp.com\/www.photagne.com\/wp-content\/uploads\/2021\/02\/IMG_7716.jpg?fit=1732%2C1155&ssl=1","type":"image\/jpeg"}],"twitter_card":"summary_large_image","twitter_misc":{"Tempo di lettura stimato":"1 minuto"},"schema":{"@context":"https:\/\/schema.org","@graph":[{"@type":"WebPage","@id":"https:\/\/www.photagne.com\/photographies-du-massif-central\/","url":"https:\/\/www.photagne.com\/photographies-du-massif-central\/","name":"Photographies du Massif Central &bull; Photagne","isPartOf":{"@id":"https:\/\/www.photagne.com\/#website"},"datePublished":"2021-02-22T21:09:16+00:00","dateModified":"2021-02-22T21:09:19+00:00","description":"Toutes les photographies du Massif Central du site Photagne : Pilat, cha\u00eene des Puys... Trouvez la perle des photos de montagne !","breadcrumb":{"@id":"https:\/\/www.photagne.com\/photographies-du-massif-central\/#breadcrumb"},"inLanguage":"it-IT","potentialAction":[{"@type":"ReadAction","target":["https:\/\/www.photagne.com\/photographies-du-massif-central\/"]}]},{"@type":"BreadcrumbList","@id":"https:\/\/www.photagne.com\/photographies-du-massif-central\/#breadcrumb","itemListElement":[{"@type":"ListItem","position":1,"name":"Accueil","item":"https:\/\/www.photagne.com\/"},{"@type":"ListItem","position":2,"name":"Photographies du Massif Central"}]},{"@type":"WebSite","@id":"https:\/\/www.photagne.com\/#website","url":"https:\/\/www.photagne.com\/","name":"Photagne","description":"Montagne, mer et paysages... Aussi vrais que nature.","publisher":{"@id":"https:\/\/www.photagne.com\/#\/schema\/person\/3e571ba91ff94f56525115c261aa9530"},"potentialAction":[{"@type":"SearchAction","target":{"@type":"EntryPoint","urlTemplate":"https:\/\/www.photagne.com\/?s={search_term_string}"},"query-input":"required name=search_term_string"}],"inLanguage":"it-IT"},{"@type":["Person","Organization"],"@id":"https:\/\/www.photagne.com\/#\/schema\/person\/3e571ba91ff94f56525115c261aa9530","name":"Photagne","image":{"@type":"ImageObject","inLanguage":"it-IT","@id":"https:\/\/www.photagne.com\/#\/schema\/person\/image\/","url":"https:\/\/www.photagne.com\/wp-content\/uploads\/2021\/01\/P6180874-1-scaled.jpeg","contentUrl":"https:\/\/www.photagne.com\/wp-content\/uploads\/2021\/01\/P6180874-1-scaled.jpeg","width":1920,"height":2560,"caption":"Photagne"},"logo":{"@id":"https:\/\/www.photagne.com\/#\/schema\/person\/image\/"},"description":"J'ai commenc\u00e9 la photographie en 2015 lors d'un voyage \u00e0 Hawaii. Depuis lors, je me consacre \u00e0 la photographie de paysages lors de mes nombreux treks en montagne.","sameAs":["https:\/\/photagne.com"]}]}},"jetpack_shortlink":"https:\/\/wp.me\/PcIq5x-Sy","jetpack_sharing_enabled":true,"jetpack_likes_enabled":true,"_links":{"self":[{"href":"https:\/\/www.photagne.com\/it\/wp-json\/wp\/v2\/pages\/3382","targetHints":{"allow":["GET"]}}],"collection":[{"href":"https:\/\/www.photagne.com\/it\/wp-json\/wp\/v2\/pages"}],"about":[{"href":"https:\/\/www.photagne.com\/it\/wp-json\/wp\/v2\/types\/page"}],"author":[{"embeddable":true,"href":"https:\/\/www.photagne.com\/it\/wp-json\/wp\/v2\/users\/1"}],"replies":[{"embeddable":true,"href":"https:\/\/www.photagne.com\/it\/wp-json\/wp\/v2\/comments?post=3382"}],"version-history":[{"count":0,"href":"https:\/\/www.photagne.com\/it\/wp-json\/wp\/v2\/pages\/3382\/revisions"}],"wp:featuredmedia":[{"embeddable":true,"href":"https:\/\/www.photagne.com\/it\/wp-json\/wp\/v2\/media\/3319"}],"wp:attachment":[{"href":"https:\/\/www.photagne.com\/it\/wp-json\/wp\/v2\/media?parent=3382"}],"curies":[{"name":"wp","href":"https:\/\/api.w.org\/{rel}","templated":true}]}}