{"id":96570,"date":"2023-11-20T23:16:50","date_gmt":"2023-11-20T22:16:50","guid":{"rendered":"https:\/\/www.photagne.com\/?page_id=96570"},"modified":"2025-05-11T22:20:20","modified_gmt":"2025-05-11T20:20:20","slug":"photographies-de-lama-dablam","status":"publish","type":"page","link":"https:\/\/www.photagne.com\/it\/fotografie-di-lama-dablam\/","title":{"rendered":"Fotografie dell&#039;Ama Dablam"},"content":{"rendered":"<p>In questa pagina sono elencate tutte le fotografie dell&#039;Ama Dablam che ho potuto scattare durante il mio viaggio in Nepal nel 2022. L&#039;Ama Dablam significa \u201cla Collana Madre\u201d, in riferimento al pendente a forma di stella che le donne indossano gli sherpa. Questa vetta mitica si erge maestosa sulla catena dell&#039;Himalaya in Nepal, come un gioiello prezioso tra le vette eterne. Questa montagna iconica, situata nel distretto di Solu-Khumbu, \u00e8 un gigante di roccia e ghiaccio che affascina i cuori di tutti i viaggiatori e scalatori che hanno la fortuna di guardarla e fotografarla.<\/p><div style=\"height:40px\" aria-hidden=\"true\" class=\"wp-block-spacer\"><\/div><div class=\"wp-block-media-text alignwide has-media-on-the-right is-stacked-on-mobile\" style=\"grid-template-columns:auto 70%\"><div class=\"wp-block-media-text__content\"><p><\/p>\n\n<div style=\"text-align: center;\"><button class=\"btn btn-primary\" type=\"button\" onclick=\"window.location.href='https:\/\/www.photagne.com\/produit\/poster-toile-ou-tableau-lama-dablam-sur-le-chemin-de-dzongla-deco-murale\/';\"><i class=\"obfx-menu-icon fa fa-cart-plus\" style=\"margin-right: 0.5em;\"><\/i>ordinare<\/button><\/div><\/div><figure class=\"wp-block-media-text__media\"><a href=\"https:\/\/www.photagne.com\/wp-content\/uploads\/2022\/11\/IMG_6045.jpg\"><img decoding=\"async\" width=\"1024\" height=\"683\" src=\"https:\/\/www.photagne.com\/wp-content\/uploads\/2022\/11\/IMG_6045-1024x683.jpg\" alt=\"L&#039;Ama Dablam sulla strada per Dzongla\" class=\"wp-image-11302 size-full\" srcset=\"https:\/\/www.photagne.com\/wp-content\/uploads\/2022\/11\/IMG_6045-1024x683.jpg 1024w, https:\/\/www.photagne.com\/wp-content\/uploads\/2022\/11\/IMG_6045-300x200.jpg 300w, https:\/\/www.photagne.com\/wp-content\/uploads\/2022\/11\/IMG_6045-768x512.jpg 768w, https:\/\/www.photagne.com\/wp-content\/uploads\/2022\/11\/IMG_6045-1536x1024.jpg 1536w, https:\/\/www.photagne.com\/wp-content\/uploads\/2022\/11\/IMG_6045-18x12.jpg 18w, https:\/\/www.photagne.com\/wp-content\/uploads\/2022\/11\/IMG_6045-360x240.jpg 360w, https:\/\/www.photagne.com\/wp-content\/uploads\/2022\/11\/IMG_6045-230x153.jpg 230w, https:\/\/www.photagne.com\/wp-content\/uploads\/2022\/11\/IMG_6045-600x400.jpg 600w, https:\/\/www.photagne.com\/wp-content\/uploads\/2022\/11\/IMG_6045.jpg 1732w\" sizes=\"(max-width: 1024px) 100vw, 1024px\" \/><\/a><\/figure><\/div><h2 class=\"wp-block-heading\">Alcune informazioni sull&#039;Ama Dablam<\/h2><p>L&#039;Ama Dablam si erge fiero nella regione del Khumbu, circa 6 chilometri a sud-ovest del leggendario monte Everest. Questo sito eccezionale si trova anche nel cuore del parco di <a href=\"https:\/\/whc.unesco.org\/fr\/list\/120\/\">Sagarmatha<\/a>, nei pressi del tipico villaggio di Pangboche, tappa obbligata sulla strada per il campo base dell&#039;Everest.<\/p><p>La formazione di questa montagna risale a milioni di anni fa. \u00c8 il risultato di colossali forze geologiche che hanno sollevato la crosta terrestre, creando le spettacolari elevazioni dell&#039;Himalaya. Composta da scisto, calcare e granito, la montagna \u00e8 una testimonianza geologica delle forze titaniche all&#039;opera in questa regione.<\/p><p>Ama Dablam occupa un posto speciale nel cuore della popolazione locale, che lo considera non solo un gioiello naturale ma anche una divinit\u00e0 sacra. Il suo nome, \u201cCollana Madre\u201d, evoca rispetto materno e potere benevolo. Per gli abitanti della regione \u00e8 fonte di forza spirituale e di connessione con gli elementi naturali.<\/p><div style=\"height:42px\" aria-hidden=\"true\" class=\"wp-block-spacer\"><\/div><div class=\"wp-block-media-text alignwide is-stacked-on-mobile\" style=\"grid-template-columns:70% auto\"><figure class=\"wp-block-media-text__media\"><a href=\"https:\/\/www.photagne.com\/wp-content\/uploads\/2022\/11\/IMG_5787.jpg\"><img decoding=\"async\" width=\"1024\" height=\"683\" src=\"https:\/\/www.photagne.com\/wp-content\/uploads\/2022\/11\/IMG_5787-1024x683.jpg\" alt=\"Cammino verso l&#039;Ama Dablam\" class=\"wp-image-11297 size-full\" srcset=\"https:\/\/www.photagne.com\/wp-content\/uploads\/2022\/11\/IMG_5787-1024x683.jpg 1024w, https:\/\/www.photagne.com\/wp-content\/uploads\/2022\/11\/IMG_5787-300x200.jpg 300w, https:\/\/www.photagne.com\/wp-content\/uploads\/2022\/11\/IMG_5787-768x512.jpg 768w, https:\/\/www.photagne.com\/wp-content\/uploads\/2022\/11\/IMG_5787-1536x1024.jpg 1536w, https:\/\/www.photagne.com\/wp-content\/uploads\/2022\/11\/IMG_5787-18x12.jpg 18w, https:\/\/www.photagne.com\/wp-content\/uploads\/2022\/11\/IMG_5787-360x240.jpg 360w, https:\/\/www.photagne.com\/wp-content\/uploads\/2022\/11\/IMG_5787-230x153.jpg 230w, https:\/\/www.photagne.com\/wp-content\/uploads\/2022\/11\/IMG_5787-600x400.jpg 600w, https:\/\/www.photagne.com\/wp-content\/uploads\/2022\/11\/IMG_5787.jpg 1732w\" sizes=\"(max-width: 1024px) 100vw, 1024px\" \/><\/a><\/figure><div class=\"wp-block-media-text__content\"><p><\/p>\n\n<div style=\"text-align: center;\"><button class=\"btn btn-primary\" type=\"button\" onclick=\"window.location.href='https:\/\/www.photagne.com\/produit\/poster-toile-ou-tableau-chemin-vers-lama-dablam-deco-murale\/';\"><i class=\"obfx-menu-icon fa fa-cart-plus\" style=\"margin-right: 0.5em;\"><\/i>ordinare<\/button><\/div><\/div><\/div><h2 class=\"wp-block-heading\">Salita<\/h2><p>La storia dell&#039;ascesa dell&#039;Ama Dablam \u00e8 affascinante quanto le sue creste affilate. Nel 1953, durante una spedizione sull&#039;Everest, George Lowe dichiar\u00f2: \u201cQuesta vetta non sar\u00e0 mai conquistata\u201d. Tuttavia, poco dopo, nel 1961, una squadra internazionale guidata da Mike Gill raggiunse la vetta per la prima volta. L&#039;avanzamento \u00e8 stato molto lento, a causa della roccia, del ghiaccio molto ripido e del freddo estremo. Era una salita molto tecnica per l&#039;epoca e una delle prime salite invernali in Himalaya. Da allora, l&#039;Ama Dablam \u00e8 diventata una sfida popolare per gli alpinisti di tutto il mondo grazie alla sua difficolt\u00e0 tecnica e all&#039;estetica eccezionale.<\/p><div style=\"height:41px\" aria-hidden=\"true\" class=\"wp-block-spacer\"><\/div><div class=\"wp-block-media-text alignwide has-media-on-the-right is-stacked-on-mobile\" style=\"grid-template-columns:auto 70%\"><div class=\"wp-block-media-text__content\"><p><\/p>\n\n<div style=\"text-align: center;\"><button class=\"btn btn-primary\" type=\"button\" onclick=\"window.location.href='https:\/\/www.photagne.com\/produit\/poster-toile-ou-tableau-lama-dablam-sur-le-chemin-de-dzongla-2-deco-murale\/';\"><i class=\"obfx-menu-icon fa fa-cart-plus\" style=\"margin-right: 0.5em;\"><\/i>ordinare<\/button><\/div><\/div><figure class=\"wp-block-media-text__media\"><a href=\"https:\/\/www.photagne.com\/wp-content\/uploads\/2022\/11\/IMG_6059.jpg\"><img decoding=\"async\" width=\"1024\" height=\"683\" src=\"https:\/\/www.photagne.com\/wp-content\/uploads\/2022\/11\/IMG_6059-1024x683.jpg\" alt=\"Ama Dablam sulla strada per Dzongla 2\" class=\"wp-image-11303 size-full\" srcset=\"https:\/\/www.photagne.com\/wp-content\/uploads\/2022\/11\/IMG_6059-1024x683.jpg 1024w, https:\/\/www.photagne.com\/wp-content\/uploads\/2022\/11\/IMG_6059-300x200.jpg 300w, https:\/\/www.photagne.com\/wp-content\/uploads\/2022\/11\/IMG_6059-768x512.jpg 768w, https:\/\/www.photagne.com\/wp-content\/uploads\/2022\/11\/IMG_6059-1536x1024.jpg 1536w, https:\/\/www.photagne.com\/wp-content\/uploads\/2022\/11\/IMG_6059-18x12.jpg 18w, https:\/\/www.photagne.com\/wp-content\/uploads\/2022\/11\/IMG_6059-360x240.jpg 360w, https:\/\/www.photagne.com\/wp-content\/uploads\/2022\/11\/IMG_6059-230x153.jpg 230w, https:\/\/www.photagne.com\/wp-content\/uploads\/2022\/11\/IMG_6059-600x400.jpg 600w, https:\/\/www.photagne.com\/wp-content\/uploads\/2022\/11\/IMG_6059.jpg 1732w\" sizes=\"(max-width: 1024px) 100vw, 1024px\" \/><\/a><\/figure><\/div><h2 class=\"wp-block-heading\"><strong>Fotografie dell&#039;Ama Dablam<\/strong><\/h2><p>Per gli amanti della fotografia di montagna, Ama Dablam \u00e8 una musa ineguagliabile. Le sue pareti snelle, decorate con ghiaccio e neve, offrono uno spettacolo visivo suggestivo. Le mutevoli sfumature di colore all&#039;alba e al tramonto creano sublimi effetti di luce. Ogni momento \u00e8 un&#039;opportunit\u00e0 per catturare l&#039;essenza stessa di questa maestosa montagna.<\/p><div style=\"height:40px\" aria-hidden=\"true\" class=\"wp-block-spacer\"><\/div><div class=\"wp-block-media-text alignwide is-stacked-on-mobile\" style=\"grid-template-columns:70% auto\"><figure class=\"wp-block-media-text__media\"><a href=\"https:\/\/www.photagne.com\/wp-content\/uploads\/2022\/11\/IMG_6101.jpg\"><img decoding=\"async\" width=\"1024\" height=\"683\" src=\"https:\/\/www.photagne.com\/wp-content\/uploads\/2022\/11\/IMG_6101-1024x683.jpg\" alt=\"Ama Dablam sulla strada per Dzongla 3\" class=\"wp-image-11304 size-full\" srcset=\"https:\/\/www.photagne.com\/wp-content\/uploads\/2022\/11\/IMG_6101-1024x683.jpg 1024w, https:\/\/www.photagne.com\/wp-content\/uploads\/2022\/11\/IMG_6101-300x200.jpg 300w, https:\/\/www.photagne.com\/wp-content\/uploads\/2022\/11\/IMG_6101-768x512.jpg 768w, https:\/\/www.photagne.com\/wp-content\/uploads\/2022\/11\/IMG_6101-1536x1024.jpg 1536w, https:\/\/www.photagne.com\/wp-content\/uploads\/2022\/11\/IMG_6101-18x12.jpg 18w, https:\/\/www.photagne.com\/wp-content\/uploads\/2022\/11\/IMG_6101-360x240.jpg 360w, https:\/\/www.photagne.com\/wp-content\/uploads\/2022\/11\/IMG_6101-230x153.jpg 230w, https:\/\/www.photagne.com\/wp-content\/uploads\/2022\/11\/IMG_6101-600x400.jpg 600w, https:\/\/www.photagne.com\/wp-content\/uploads\/2022\/11\/IMG_6101.jpg 1732w\" sizes=\"(max-width: 1024px) 100vw, 1024px\" \/><\/a><\/figure><div class=\"wp-block-media-text__content\"><p><\/p>\n\n<div style=\"text-align: center;\"><button class=\"btn btn-primary\" type=\"button\" onclick=\"window.location.href='https:\/\/www.photagne.com\/produit\/poster-toile-ou-tableau-lama-dablam-sur-le-chemin-de-dzongla-3-deco-murale\/';\"><i class=\"obfx-menu-icon fa fa-cart-plus\" style=\"margin-right: 0.5em;\"><\/i>ordinare<\/button><\/div><\/div><\/div><p>Se stai cercando fotografie di questa vetta, immergiti con me in un mondo visivo in cui la bellezza cruda della natura si combina con la mia competenza artistica. Con le mie immagini, cerco di catturare la grandiosit\u00e0 delle vette himalayane, la ricchezza culturale della regione e la storia dell&#039;alpinismo su questa montagna iconica. Scopri Ama Dablam attraverso l&#039;obiettivo della mia macchina fotografica. Lasciati trasportare dallo splendore di questa collana della natura, simbolo della maestosit\u00e0 delle vette himalayane.<\/p><div style=\"height:40px\" aria-hidden=\"true\" class=\"wp-block-spacer\"><\/div><div class=\"wp-block-media-text alignwide has-media-on-the-right is-stacked-on-mobile\" style=\"grid-template-columns:auto 70%\"><div class=\"wp-block-media-text__content\"><p><\/p>\n\n<div style=\"text-align: center;\"><button class=\"btn btn-primary\" type=\"button\" onclick=\"window.location.href='https:\/\/www.photagne.com\/produit\/poster-toile-ou-tableau-lama-dablam-deco-murale\/';\"><i class=\"obfx-menu-icon fa fa-cart-plus\" style=\"margin-right: 0.5em;\"><\/i>ordinare<\/button><\/div><\/div><figure class=\"wp-block-media-text__media\"><a href=\"https:\/\/www.photagne.com\/wp-content\/uploads\/2022\/11\/IMG_5646.jpg\"><img decoding=\"async\" width=\"1024\" height=\"683\" src=\"https:\/\/www.photagne.com\/wp-content\/uploads\/2022\/11\/IMG_5646-1024x683.jpg\" alt=\"Ama Dablam sul trekking dei tre passi\" class=\"wp-image-11294 size-full\" srcset=\"https:\/\/www.photagne.com\/wp-content\/uploads\/2022\/11\/IMG_5646-1024x683.jpg 1024w, https:\/\/www.photagne.com\/wp-content\/uploads\/2022\/11\/IMG_5646-300x200.jpg 300w, https:\/\/www.photagne.com\/wp-content\/uploads\/2022\/11\/IMG_5646-768x512.jpg 768w, https:\/\/www.photagne.com\/wp-content\/uploads\/2022\/11\/IMG_5646-1536x1024.jpg 1536w, https:\/\/www.photagne.com\/wp-content\/uploads\/2022\/11\/IMG_5646-18x12.jpg 18w, https:\/\/www.photagne.com\/wp-content\/uploads\/2022\/11\/IMG_5646-360x240.jpg 360w, https:\/\/www.photagne.com\/wp-content\/uploads\/2022\/11\/IMG_5646-230x153.jpg 230w, https:\/\/www.photagne.com\/wp-content\/uploads\/2022\/11\/IMG_5646-600x400.jpg 600w, https:\/\/www.photagne.com\/wp-content\/uploads\/2022\/11\/IMG_5646.jpg 1732w\" sizes=\"(max-width: 1024px) 100vw, 1024px\" \/><\/a><\/figure><\/div><h2 class=\"wp-block-heading\">Ordina un poster dell&#039;Ama Dablam<\/h2><p>Se una delle mie fotografie dell&#039;Ama Dablam ti attira particolarmente, puoi ordinare una stampa nel formato che desideri. Per fare ci\u00f2 \u00e8 sufficiente cliccare sulla foto in questione e selezionare l&#039;opzione \u201caggiungi al carrello\u201d situata in alto a destra dello schermo, oppure cliccare direttamente sul pulsante \u201cordina\u201d. Potrai quindi scegliere tra diverse opzioni, come una stampa su poster, una tela su cornice o un dipinto. Tutte queste decorazioni murali sono disponibili in tre diverse dimensioni, dalla pi\u00f9 piccola alla pi\u00f9 grande.<\/p><p>Potrai cos\u00ec abbellire i tuoi interni con una magnifica rappresentazione della montagna dell&#039;Himalaya, catturata da un fotografo naturalista francese. Avrai l&#039;opportunit\u00e0 di esporlo con orgoglio nel tuo soggiorno o in qualsiasi altra stanza della tua casa. Questa cornice decorativa di montagna si rivela la scelta perfetta, soprattutto per valorizzare l&#039;arredamento interno del tuo chalet di montagna!<\/p><div style=\"height:40px\" aria-hidden=\"true\" class=\"wp-block-spacer\"><\/div>","protected":false},"excerpt":{"rendered":"<p>Cette page recense toutes les photographies de l&#8217;Ama Dablam que j&#8217;ai pu prendre lors de mon voyage au N\u00e9pal en 2022. L&#8217;Ama Dablam signifie &#8220;la M\u00e8re Collier&#8221;, en r\u00e9f\u00e9rence au pendentif en forme d&#8217;\u00e9toile que portent les femmes sherpas. Ce sommet mythique tr\u00f4ne majestueusement dans la cha\u00eene de l&#8217;Himalaya, au [&hellip;]<\/p>","protected":false},"author":1,"featured_media":11580,"parent":0,"menu_order":0,"comment_status":"closed","ping_status":"closed","template":"","meta":{"_mi_skip_tracking":false,"_monsterinsights_sitenote_active":false,"_monsterinsights_sitenote_note":"","_monsterinsights_sitenote_category":0,"jetpack_post_was_ever_published":false,"footnotes":""},"class_list":["post-96570","page","type-page","status-publish","has-post-thumbnail","hentry"],"acf":[],"yoast_head":"<!-- This site is optimized with the Yoast SEO plugin v20.12 - https:\/\/yoast.com\/wordpress\/plugins\/seo\/ -->\n<title>Photographies de l&#039;Ama Dablam &bull; Photagne<\/title>\n<meta name=\"description\" content=\"D\u00e9couvrez les meilleures photographies de l&#039;Ama Dablam. Ce superbe joyau himalayen \u00e9voque la majest\u00e9 des plus grands sommets.\" \/>\n<meta name=\"robots\" content=\"index, follow, max-snippet:-1, max-image-preview:large, max-video-preview:-1\" \/>\n<link rel=\"canonical\" href=\"https:\/\/www.photagne.com\/it\/fotografie-di-lama-dablam\/\" \/>\n<meta property=\"og:locale\" content=\"it_IT\" \/>\n<meta property=\"og:type\" content=\"article\" \/>\n<meta property=\"og:title\" content=\"Photographies de l&#039;Ama Dablam &bull; Photagne\" \/>\n<meta property=\"og:description\" content=\"D\u00e9couvrez les meilleures photographies de l&#039;Ama Dablam. Ce superbe joyau himalayen \u00e9voque la majest\u00e9 des plus grands sommets.\" \/>\n<meta property=\"og:url\" content=\"https:\/\/www.photagne.com\/it\/fotografie-di-lama-dablam\/\" \/>\n<meta property=\"og:site_name\" content=\"Photagne\" \/>\n<meta property=\"article:modified_time\" content=\"2025-05-11T20:20:20+00:00\" \/>\n<meta property=\"og:image\" content=\"https:\/\/www.photagne.com\/wp-content\/uploads\/2022\/12\/IMG_5994.jpg\" \/>\n\t<meta property=\"og:image:width\" content=\"1732\" \/>\n\t<meta property=\"og:image:height\" content=\"1155\" \/>\n\t<meta property=\"og:image:type\" content=\"image\/jpeg\" \/>\n<meta name=\"twitter:card\" content=\"summary_large_image\" \/>\n<meta name=\"twitter:label1\" content=\"Tempo di lettura stimato\" \/>\n\t<meta name=\"twitter:data1\" content=\"5 minuti\" \/>\n<script type=\"application\/ld+json\" class=\"yoast-schema-graph\">{\"@context\":\"https:\/\/schema.org\",\"@graph\":[{\"@type\":\"WebPage\",\"@id\":\"https:\/\/www.photagne.com\/photographies-de-lama-dablam\/\",\"url\":\"https:\/\/www.photagne.com\/photographies-de-lama-dablam\/\",\"name\":\"Photographies de l'Ama Dablam &bull; Photagne\",\"isPartOf\":{\"@id\":\"https:\/\/www.photagne.com\/#website\"},\"datePublished\":\"2023-11-20T22:16:50+00:00\",\"dateModified\":\"2025-05-11T20:20:20+00:00\",\"description\":\"D\u00e9couvrez les meilleures photographies de l'Ama Dablam. Ce superbe joyau himalayen \u00e9voque la majest\u00e9 des plus grands sommets.\",\"breadcrumb\":{\"@id\":\"https:\/\/www.photagne.com\/photographies-de-lama-dablam\/#breadcrumb\"},\"inLanguage\":\"it-IT\",\"potentialAction\":[{\"@type\":\"ReadAction\",\"target\":[\"https:\/\/www.photagne.com\/photographies-de-lama-dablam\/\"]}]},{\"@type\":\"BreadcrumbList\",\"@id\":\"https:\/\/www.photagne.com\/photographies-de-lama-dablam\/#breadcrumb\",\"itemListElement\":[{\"@type\":\"ListItem\",\"position\":1,\"name\":\"Accueil\",\"item\":\"https:\/\/www.photagne.com\/\"},{\"@type\":\"ListItem\",\"position\":2,\"name\":\"Photographies de l&#8217;Ama Dablam\"}]},{\"@type\":\"WebSite\",\"@id\":\"https:\/\/www.photagne.com\/#website\",\"url\":\"https:\/\/www.photagne.com\/\",\"name\":\"Photagne\",\"description\":\"Montagne, mer et paysages... Aussi vrais que nature.\",\"publisher\":{\"@id\":\"https:\/\/www.photagne.com\/#\/schema\/person\/3e571ba91ff94f56525115c261aa9530\"},\"potentialAction\":[{\"@type\":\"SearchAction\",\"target\":{\"@type\":\"EntryPoint\",\"urlTemplate\":\"https:\/\/www.photagne.com\/?s={search_term_string}\"},\"query-input\":\"required name=search_term_string\"}],\"inLanguage\":\"it-IT\"},{\"@type\":[\"Person\",\"Organization\"],\"@id\":\"https:\/\/www.photagne.com\/#\/schema\/person\/3e571ba91ff94f56525115c261aa9530\",\"name\":\"Photagne\",\"image\":{\"@type\":\"ImageObject\",\"inLanguage\":\"it-IT\",\"@id\":\"https:\/\/www.photagne.com\/#\/schema\/person\/image\/\",\"url\":\"https:\/\/www.photagne.com\/wp-content\/uploads\/2021\/01\/P6180874-1-scaled.jpeg\",\"contentUrl\":\"https:\/\/www.photagne.com\/wp-content\/uploads\/2021\/01\/P6180874-1-scaled.jpeg\",\"width\":1920,\"height\":2560,\"caption\":\"Photagne\"},\"logo\":{\"@id\":\"https:\/\/www.photagne.com\/#\/schema\/person\/image\/\"},\"description\":\"J'ai commenc\u00e9 la photographie en 2015 lors d'un voyage \u00e0 Hawaii. Depuis lors, je me consacre \u00e0 la photographie de paysages lors de mes nombreux treks en montagne.\",\"sameAs\":[\"https:\/\/photagne.com\"]}]}<\/script>\n<!-- \/ Yoast SEO plugin. -->","yoast_head_json":{"title":"Photographies de l'Ama Dablam &bull; Photagne","description":"D\u00e9couvrez les meilleures photographies de l'Ama Dablam. Ce superbe joyau himalayen \u00e9voque la majest\u00e9 des plus grands sommets.","robots":{"index":"index","follow":"follow","max-snippet":"max-snippet:-1","max-image-preview":"max-image-preview:large","max-video-preview":"max-video-preview:-1"},"canonical":"https:\/\/www.photagne.com\/it\/fotografie-di-lama-dablam\/","og_locale":"it_IT","og_type":"article","og_title":"Photographies de l'Ama Dablam &bull; Photagne","og_description":"D\u00e9couvrez les meilleures photographies de l'Ama Dablam. Ce superbe joyau himalayen \u00e9voque la majest\u00e9 des plus grands sommets.","og_url":"https:\/\/www.photagne.com\/it\/fotografie-di-lama-dablam\/","og_site_name":"Photagne","article_modified_time":"2025-05-11T20:20:20+00:00","og_image":[{"width":1732,"height":1155,"url":"https:\/\/www.photagne.com\/wp-content\/uploads\/2022\/12\/IMG_5994.jpg","type":"image\/jpeg"}],"twitter_card":"summary_large_image","twitter_misc":{"Tempo di lettura stimato":"5 minuti"},"schema":{"@context":"https:\/\/schema.org","@graph":[{"@type":"WebPage","@id":"https:\/\/www.photagne.com\/photographies-de-lama-dablam\/","url":"https:\/\/www.photagne.com\/photographies-de-lama-dablam\/","name":"Photographies de l'Ama Dablam &bull; Photagne","isPartOf":{"@id":"https:\/\/www.photagne.com\/#website"},"datePublished":"2023-11-20T22:16:50+00:00","dateModified":"2025-05-11T20:20:20+00:00","description":"D\u00e9couvrez les meilleures photographies de l'Ama Dablam. Ce superbe joyau himalayen \u00e9voque la majest\u00e9 des plus grands sommets.","breadcrumb":{"@id":"https:\/\/www.photagne.com\/photographies-de-lama-dablam\/#breadcrumb"},"inLanguage":"it-IT","potentialAction":[{"@type":"ReadAction","target":["https:\/\/www.photagne.com\/photographies-de-lama-dablam\/"]}]},{"@type":"BreadcrumbList","@id":"https:\/\/www.photagne.com\/photographies-de-lama-dablam\/#breadcrumb","itemListElement":[{"@type":"ListItem","position":1,"name":"Accueil","item":"https:\/\/www.photagne.com\/"},{"@type":"ListItem","position":2,"name":"Photographies de l&#8217;Ama Dablam"}]},{"@type":"WebSite","@id":"https:\/\/www.photagne.com\/#website","url":"https:\/\/www.photagne.com\/","name":"Photagne","description":"Montagne, mer et paysages... Aussi vrais que nature.","publisher":{"@id":"https:\/\/www.photagne.com\/#\/schema\/person\/3e571ba91ff94f56525115c261aa9530"},"potentialAction":[{"@type":"SearchAction","target":{"@type":"EntryPoint","urlTemplate":"https:\/\/www.photagne.com\/?s={search_term_string}"},"query-input":"required name=search_term_string"}],"inLanguage":"it-IT"},{"@type":["Person","Organization"],"@id":"https:\/\/www.photagne.com\/#\/schema\/person\/3e571ba91ff94f56525115c261aa9530","name":"Photagne","image":{"@type":"ImageObject","inLanguage":"it-IT","@id":"https:\/\/www.photagne.com\/#\/schema\/person\/image\/","url":"https:\/\/www.photagne.com\/wp-content\/uploads\/2021\/01\/P6180874-1-scaled.jpeg","contentUrl":"https:\/\/www.photagne.com\/wp-content\/uploads\/2021\/01\/P6180874-1-scaled.jpeg","width":1920,"height":2560,"caption":"Photagne"},"logo":{"@id":"https:\/\/www.photagne.com\/#\/schema\/person\/image\/"},"description":"J'ai commenc\u00e9 la photographie en 2015 lors d'un voyage \u00e0 Hawaii. Depuis lors, je me consacre \u00e0 la photographie de paysages lors de mes nombreux treks en montagne.","sameAs":["https:\/\/photagne.com"]}]}},"jetpack_shortlink":"https:\/\/wp.me\/PcIq5x-p7A","jetpack_sharing_enabled":true,"jetpack_likes_enabled":true,"_links":{"self":[{"href":"https:\/\/www.photagne.com\/it\/wp-json\/wp\/v2\/pages\/96570","targetHints":{"allow":["GET"]}}],"collection":[{"href":"https:\/\/www.photagne.com\/it\/wp-json\/wp\/v2\/pages"}],"about":[{"href":"https:\/\/www.photagne.com\/it\/wp-json\/wp\/v2\/types\/page"}],"author":[{"embeddable":true,"href":"https:\/\/www.photagne.com\/it\/wp-json\/wp\/v2\/users\/1"}],"replies":[{"embeddable":true,"href":"https:\/\/www.photagne.com\/it\/wp-json\/wp\/v2\/comments?post=96570"}],"version-history":[{"count":10,"href":"https:\/\/www.photagne.com\/it\/wp-json\/wp\/v2\/pages\/96570\/revisions"}],"predecessor-version":[{"id":100228,"href":"https:\/\/www.photagne.com\/it\/wp-json\/wp\/v2\/pages\/96570\/revisions\/100228"}],"wp:featuredmedia":[{"embeddable":true,"href":"https:\/\/www.photagne.com\/it\/wp-json\/wp\/v2\/media\/11580"}],"wp:attachment":[{"href":"https:\/\/www.photagne.com\/it\/wp-json\/wp\/v2\/media?parent=96570"}],"curies":[{"name":"wp","href":"https:\/\/api.w.org\/{rel}","templated":true}]}}